{"id":2481,"date":"2021-04-22T15:59:19","date_gmt":"2021-04-22T15:59:19","guid":{"rendered":"https:\/\/www.meaplus.com\/?page_id=2481"},"modified":"2022-01-11T14:38:00","modified_gmt":"2022-01-11T14:38:00","slug":"sefos-i-teams","status":"publish","type":"page","link":"https:\/\/www.meaplus.com\/en\/sefos-i-teams\/","title":{"rendered":"SEFOS i Teams"},"content":{"rendered":"<div data-elementor-type=\"wp-page\" data-elementor-id=\"2481\" class=\"elementor elementor-2481\" data-elementor-post-type=\"page\">\n\t\t\t\t\t\t<section class=\"elementor-section elementor-top-section elementor-element elementor-element-282c7225 elementor-section-height-min-height elementor-section-boxed elementor-section-height-default elementor-section-items-middle\" data-id=\"282c7225\" data-element_type=\"section\" data-e-type=\"section\" data-settings=\"{&quot;background_background&quot;:&quot;classic&quot;}\">\n\t\t\t\t\t\t\t<div class=\"elementor-background-overlay\"><\/div>\n\t\t\t\t\t\t\t<div class=\"elementor-container elementor-column-gap-default\">\n\t\t\t\t\t<div class=\"elementor-column elementor-col-100 elementor-top-column elementor-element elementor-element-79b48506\" data-id=\"79b48506\" data-element_type=\"column\" data-e-type=\"column\">\n\t\t\t<div class=\"elementor-widget-wrap elementor-element-populated\">\n\t\t\t\t\t\t<div class=\"elementor-element elementor-element-306b498e elementor-widget elementor-widget-heading\" data-id=\"306b498e\" data-element_type=\"widget\" data-e-type=\"widget\" data-widget_type=\"heading.default\">\n\t\t\t\t<div class=\"elementor-widget-container\">\n\t\t\t\t\t<h1 class=\"elementor-heading-title elementor-size-default\">SEFOS for Teams<\/h1>\t\t\t\t<\/div>\n\t\t\t\t<\/div>\n\t\t\t\t\t<\/div>\n\t\t<\/div>\n\t\t\t\t\t<\/div>\n\t\t<\/section>\n\t\t\t\t<section class=\"elementor-section elementor-top-section elementor-element elementor-element-44029796 elementor-section-boxed elementor-section-height-default elementor-section-height-default\" data-id=\"44029796\" data-element_type=\"section\" data-e-type=\"section\">\n\t\t\t\t\t\t<div class=\"elementor-container elementor-column-gap-default\">\n\t\t\t\t\t<div class=\"elementor-column elementor-col-50 elementor-top-column elementor-element elementor-element-114f7898\" data-id=\"114f7898\" data-element_type=\"column\" data-e-type=\"column\">\n\t\t\t<div class=\"elementor-widget-wrap elementor-element-populated\">\n\t\t\t\t\t\t<div class=\"elementor-element elementor-element-73d6ce61 elementor-widget elementor-widget-image\" data-id=\"73d6ce61\" data-element_type=\"widget\" data-e-type=\"widget\" data-widget_type=\"image.default\">\n\t\t\t\t<div class=\"elementor-widget-container\">\n\t\t\t\t\t\t\t\t\t\t\t\t\t\t\t<img fetchpriority=\"high\" decoding=\"async\" width=\"2034\" height=\"1459\" src=\"https:\/\/www.meaplus.com\/wp-content\/uploads\/teams-meeting-eng-2.png\" class=\"attachment-full size-full wp-image-2485\" alt=\"\" srcset=\"https:\/\/www.meaplus.com\/wp-content\/uploads\/teams-meeting-eng-2.png 2034w, https:\/\/www.meaplus.com\/wp-content\/uploads\/teams-meeting-eng-2-300x215.png 300w, https:\/\/www.meaplus.com\/wp-content\/uploads\/teams-meeting-eng-2-1024x735.png 1024w, https:\/\/www.meaplus.com\/wp-content\/uploads\/teams-meeting-eng-2-768x551.png 768w, https:\/\/www.meaplus.com\/wp-content\/uploads\/teams-meeting-eng-2-1536x1102.png 1536w, https:\/\/www.meaplus.com\/wp-content\/uploads\/teams-meeting-eng-2-16x12.png 16w\" sizes=\"(max-width: 2034px) 100vw, 2034px\" \/>\t\t\t\t\t\t\t\t\t\t\t\t\t\t\t<\/div>\n\t\t\t\t<\/div>\n\t\t\t\t\t<\/div>\n\t\t<\/div>\n\t\t\t\t<div class=\"elementor-column elementor-col-50 elementor-top-column elementor-element elementor-element-793268a6\" data-id=\"793268a6\" data-element_type=\"column\" data-e-type=\"column\">\n\t\t\t<div class=\"elementor-widget-wrap elementor-element-populated\">\n\t\t\t\t\t\t<div class=\"elementor-element elementor-element-627c1635 elementor-widget elementor-widget-heading\" data-id=\"627c1635\" data-element_type=\"widget\" data-e-type=\"widget\" data-widget_type=\"heading.default\">\n\t\t\t\t<div class=\"elementor-widget-container\">\n\t\t\t\t\t<h3 class=\"elementor-heading-title elementor-size-default\">Send messages and identify users to Teams meetings<\/h3>\t\t\t\t<\/div>\n\t\t\t\t<\/div>\n\t\t\t\t<section class=\"elementor-section elementor-inner-section elementor-element elementor-element-2626f45f elementor-section-boxed elementor-section-height-default elementor-section-height-default\" data-id=\"2626f45f\" data-element_type=\"section\" data-e-type=\"section\">\n\t\t\t\t\t\t<div class=\"elementor-container elementor-column-gap-default\">\n\t\t\t\t\t<div class=\"elementor-column elementor-col-100 elementor-inner-column elementor-element elementor-element-5a910920\" data-id=\"5a910920\" data-element_type=\"column\" data-e-type=\"column\">\n\t\t\t<div class=\"elementor-widget-wrap elementor-element-populated\">\n\t\t\t\t\t\t<div class=\"elementor-element elementor-element-3815731d elementor-widget elementor-widget-text-editor\" data-id=\"3815731d\" data-element_type=\"widget\" data-e-type=\"widget\" data-widget_type=\"text-editor.default\">\n\t\t\t\t<div class=\"elementor-widget-container\">\n\t\t\t\t\t\t\t\t\t<p>Thanks to our integration with MS Teams, it is now possible to send and receive secure messages through Teams. It will soon also be possible to verify users entering Teams meetings by letting the invited recipients use everything from service identification to private eID and SMS.<\/p><p>So if you or your organization is in need of being able to ensure that the right people are participating in your team meetings, get started with SEFOS and you can also send protected messages via the same service!<\/p>\t\t\t\t\t\t\t\t<\/div>\n\t\t\t\t<\/div>\n\t\t\t\t\t<\/div>\n\t\t<\/div>\n\t\t\t\t\t<\/div>\n\t\t<\/section>\n\t\t\t\t\t<\/div>\n\t\t<\/div>\n\t\t\t\t\t<\/div>\n\t\t<\/section>\n\t\t\t\t<section class=\"elementor-section elementor-top-section elementor-element elementor-element-71daf9a6 elementor-reverse-mobile elementor-section-boxed elementor-section-height-default elementor-section-height-default\" data-id=\"71daf9a6\" data-element_type=\"section\" data-e-type=\"section\">\n\t\t\t\t\t\t<div class=\"elementor-container elementor-column-gap-default\">\n\t\t\t\t\t<div class=\"elementor-column elementor-col-50 elementor-top-column elementor-element elementor-element-305b5965\" data-id=\"305b5965\" data-element_type=\"column\" data-e-type=\"column\">\n\t\t\t<div class=\"elementor-widget-wrap elementor-element-populated\">\n\t\t\t\t\t\t<div class=\"elementor-element elementor-element-6396f3d8 elementor-widget elementor-widget-heading\" data-id=\"6396f3d8\" data-element_type=\"widget\" data-e-type=\"widget\" data-widget_type=\"heading.default\">\n\t\t\t\t<div class=\"elementor-widget-container\">\n\t\t\t\t\t<h3 class=\"elementor-heading-title elementor-size-default\">Address anyone<\/h3>\t\t\t\t<\/div>\n\t\t\t\t<\/div>\n\t\t\t\t<section class=\"elementor-section elementor-inner-section elementor-element elementor-element-68ef2e02 elementor-section-boxed elementor-section-height-default elementor-section-height-default\" data-id=\"68ef2e02\" data-element_type=\"section\" data-e-type=\"section\">\n\t\t\t\t\t\t<div class=\"elementor-container elementor-column-gap-default\">\n\t\t\t\t\t<div class=\"elementor-column elementor-col-100 elementor-inner-column elementor-element elementor-element-2d71eb17\" data-id=\"2d71eb17\" data-element_type=\"column\" data-e-type=\"column\">\n\t\t\t<div class=\"elementor-widget-wrap elementor-element-populated\">\n\t\t\t\t\t\t<div class=\"elementor-element elementor-element-26357970 elementor-widget elementor-widget-text-editor\" data-id=\"26357970\" data-element_type=\"widget\" data-e-type=\"widget\" data-widget_type=\"text-editor.default\">\n\t\t\t\t<div class=\"elementor-widget-container\">\n\t\t\t\t\t\t\t\t\t<p>As a user of SEFOS in Teams you ca\u00a0<strong>send secure messages to anyone<\/strong>, regardless of whether the addressed recipients use SEFOS in Teams, in Outlook, via the SEFOS Admin Center or have no connection to SEFOS at all.<\/p><p>All the recipients need is an email address and that they can meet the identification method associated with the message.\u00a0<strong>Let recipients verify themselves with everything from service ID to private eID and SMS.<\/strong><\/p>\t\t\t\t\t\t\t\t<\/div>\n\t\t\t\t<\/div>\n\t\t\t\t\t<\/div>\n\t\t<\/div>\n\t\t\t\t\t<\/div>\n\t\t<\/section>\n\t\t\t\t\t<\/div>\n\t\t<\/div>\n\t\t\t\t<div class=\"elementor-column elementor-col-50 elementor-top-column elementor-element elementor-element-a58ffb2\" data-id=\"a58ffb2\" data-element_type=\"column\" data-e-type=\"column\">\n\t\t\t<div class=\"elementor-widget-wrap elementor-element-populated\">\n\t\t\t\t\t\t<div class=\"elementor-element elementor-element-7f202d6a elementor-widget elementor-widget-image\" data-id=\"7f202d6a\" data-element_type=\"widget\" data-e-type=\"widget\" data-widget_type=\"image.default\">\n\t\t\t\t<div class=\"elementor-widget-container\">\n\t\t\t\t\t\t\t\t\t\t\t\t\t\t\t<img decoding=\"async\" width=\"1816\" height=\"1432\" src=\"https:\/\/www.meaplus.com\/wp-content\/uploads\/adress-anyone-teams.png\" class=\"attachment-full size-full wp-image-2486\" alt=\"\" srcset=\"https:\/\/www.meaplus.com\/wp-content\/uploads\/adress-anyone-teams.png 1090w, https:\/\/www.meaplus.com\/wp-content\/uploads\/adress-anyone-teams-300x236.png 300w, https:\/\/www.meaplus.com\/wp-content\/uploads\/adress-anyone-teams-1024x807.png 1024w, https:\/\/www.meaplus.com\/wp-content\/uploads\/adress-anyone-teams-768x605.png 768w, https:\/\/www.meaplus.com\/wp-content\/uploads\/adress-anyone-teams-15x12.png 15w\" sizes=\"(max-width: 1816px) 100vw, 1816px\" \/>\t\t\t\t\t\t\t\t\t\t\t\t\t\t\t<\/div>\n\t\t\t\t<\/div>\n\t\t\t\t\t<\/div>\n\t\t<\/div>\n\t\t\t\t\t<\/div>\n\t\t<\/section>\n\t\t\t\t<section class=\"elementor-section elementor-top-section elementor-element elementor-element-21326e54 elementor-section-height-min-height elementor-section-boxed elementor-section-height-default elementor-section-items-middle\" data-id=\"21326e54\" data-element_type=\"section\" data-e-type=\"section\" data-settings=\"{&quot;background_background&quot;:&quot;classic&quot;}\">\n\t\t\t\t\t\t\t<div class=\"elementor-background-overlay\"><\/div>\n\t\t\t\t\t\t\t<div class=\"elementor-container elementor-column-gap-default\">\n\t\t\t\t\t<div class=\"elementor-column elementor-col-50 elementor-top-column elementor-element elementor-element-8a20b96\" data-id=\"8a20b96\" data-element_type=\"column\" data-e-type=\"column\">\n\t\t\t<div class=\"elementor-widget-wrap elementor-element-populated\">\n\t\t\t\t\t\t<div class=\"elementor-element elementor-element-268912e9 animated-slow elementor-invisible elementor-widget elementor-widget-heading\" data-id=\"268912e9\" data-element_type=\"widget\" data-e-type=\"widget\" data-settings=\"{&quot;_animation&quot;:&quot;fadeIn&quot;}\" data-widget_type=\"heading.default\">\n\t\t\t\t<div class=\"elementor-widget-container\">\n\t\t\t\t\t<h3 class=\"elementor-heading-title elementor-size-default\">Book a demo of SEFOS<\/h3>\t\t\t\t<\/div>\n\t\t\t\t<\/div>\n\t\t\t\t<div class=\"elementor-element elementor-element-7a42913 animated-slow elementor-invisible elementor-widget elementor-widget-text-editor\" data-id=\"7a42913\" data-element_type=\"widget\" data-e-type=\"widget\" data-settings=\"{&quot;_animation&quot;:&quot;fadeIn&quot;}\" data-widget_type=\"text-editor.default\">\n\t\t\t\t<div class=\"elementor-widget-container\">\n\t\t\t\t\t\t\t\t\t<p>Want to know more about SEFOS and at the same time get a demo of how the application works?\u00a0<\/p><p>Fill out the form and a specialist from Meaplus will contact you as soon as possible!\u00a0<\/p>\t\t\t\t\t\t\t\t<\/div>\n\t\t\t\t<\/div>\n\t\t\t\t\t<\/div>\n\t\t<\/div>\n\t\t\t\t<div class=\"elementor-column elementor-col-50 elementor-top-column elementor-element elementor-element-103aa9b5\" data-id=\"103aa9b5\" data-element_type=\"column\" data-e-type=\"column\">\n\t\t\t<div class=\"elementor-widget-wrap elementor-element-populated\">\n\t\t\t\t\t\t<div class=\"elementor-element elementor-element-4f1705a2 animated-slow elementor-button-align-stretch elementor-invisible elementor-widget elementor-widget-form\" data-id=\"4f1705a2\" data-element_type=\"widget\" data-e-type=\"widget\" data-settings=\"{&quot;step_next_label&quot;:&quot;Next&quot;,&quot;step_previous_label&quot;:&quot;Previous&quot;,&quot;_animation&quot;:&quot;fadeIn&quot;,&quot;_animation_delay&quot;:200,&quot;button_width&quot;:&quot;100&quot;,&quot;step_type&quot;:&quot;number_text&quot;,&quot;step_icon_shape&quot;:&quot;circle&quot;}\" data-widget_type=\"form.default\">\n\t\t\t\t<div class=\"elementor-widget-container\">\n\t\t\t\t\t\t\t<form class=\"elementor-form\" method=\"post\" name=\"New Form\" aria-label=\"New Form\" action=\"\">\n\t\t\t<input type=\"hidden\" name=\"post_id\" value=\"2481\"\/>\n\t\t\t<input type=\"hidden\" name=\"form_id\" value=\"4f1705a2\"\/>\n\t\t\t<input type=\"hidden\" name=\"referer_title\" value=\"SEFOS i Teams - Meaplus\" \/>\n\n\t\t\t\t\t\t\t<input type=\"hidden\" name=\"queried_id\" value=\"2481\"\/>\n\t\t\t\n\t\t\t<div class=\"elementor-form-fields-wrapper elementor-labels-\">\n\t\t\t\t\t\t\t\t<div class=\"elementor-field-type-text elementor-field-group elementor-column elementor-field-group-name elementor-col-100\">\n\t\t\t\t\t\t\t\t\t\t\t\t<label for=\"form-field-name\" class=\"elementor-field-label elementor-screen-only\">\n\t\t\t\t\t\t\t\tName\t\t\t\t\t\t\t<\/label>\n\t\t\t\t\t\t\t\t\t\t\t\t\t\t<input size=\"1\" type=\"text\" name=\"form_fields[name]\" id=\"form-field-name\" class=\"elementor-field elementor-size-sm  elementor-field-textual\" placeholder=\"Name\">\n\t\t\t\t\t\t\t\t\t\t\t<\/div>\n\t\t\t\t\t\t\t\t<div class=\"elementor-field-type-email elementor-field-group elementor-column elementor-field-group-email elementor-col-60 elementor-field-required\">\n\t\t\t\t\t\t\t\t\t\t\t\t<label for=\"form-field-email\" class=\"elementor-field-label elementor-screen-only\">\n\t\t\t\t\t\t\t\tE-mail\t\t\t\t\t\t\t<\/label>\n\t\t\t\t\t\t\t\t\t\t\t\t\t\t<input size=\"1\" type=\"email\" name=\"form_fields[email]\" id=\"form-field-email\" class=\"elementor-field elementor-size-sm  elementor-field-textual\" placeholder=\"E-mail\" required=\"required\">\n\t\t\t\t\t\t\t\t\t\t\t<\/div>\n\t\t\t\t\t\t\t\t<div class=\"elementor-field-type-tel elementor-field-group elementor-column elementor-field-group-field_980c9b3 elementor-col-40 elementor-field-required\">\n\t\t\t\t\t\t\t\t\t\t\t\t<label for=\"form-field-field_980c9b3\" class=\"elementor-field-label elementor-screen-only\">\n\t\t\t\t\t\t\t\tPhone\t\t\t\t\t\t\t<\/label>\n\t\t\t\t\t\t\t\t<input size=\"1\" type=\"tel\" name=\"form_fields[field_980c9b3]\" id=\"form-field-field_980c9b3\" class=\"elementor-field elementor-size-sm  elementor-field-textual\" placeholder=\"Phone\" required=\"required\" pattern=\"[0-9()#&amp;+*-=.]+\" title=\"Only numbers and phone characters (#, -, *, etc) are accepted.\" data-no-translation-title=\"\">\n\n\t\t\t\t\t\t<\/div>\n\t\t\t\t\t\t\t\t<div class=\"elementor-field-type-textarea elementor-field-group elementor-column elementor-field-group-message elementor-col-100\">\n\t\t\t\t\t\t\t\t\t\t\t\t<label for=\"form-field-message\" class=\"elementor-field-label elementor-screen-only\">\n\t\t\t\t\t\t\t\tMessage\t\t\t\t\t\t\t<\/label>\n\t\t\t\t\t\t<textarea class=\"elementor-field-textual elementor-field  elementor-size-sm\" name=\"form_fields[message]\" id=\"form-field-message\" rows=\"4\" placeholder=\"Message\"><\/textarea>\t\t\t\t<\/div>\n\t\t\t\t\t\t\t\t<div class=\"elementor-field-group elementor-column elementor-field-type-submit elementor-col-100 e-form__buttons\">\n\t\t\t\t\t<button class=\"elementor-button elementor-size-sm\" type=\"submit\">\n\t\t\t\t\t\t<span class=\"elementor-button-content-wrapper\">\n\t\t\t\t\t\t\t\t\t\t\t\t\t\t\t\t\t\t\t\t\t\t<span class=\"elementor-button-text\">Send<\/span>\n\t\t\t\t\t\t\t\t\t\t\t\t\t<\/span>\n\t\t\t\t\t<\/button>\n\t\t\t\t<\/div>\n\t\t\t<\/div>\n\t\t<input type=\"hidden\" name=\"trp-form-language\" value=\"en\"\/><\/form>\n\t\t\t\t\t\t<\/div>\n\t\t\t\t<\/div>\n\t\t\t\t\t<\/div>\n\t\t<\/div>\n\t\t\t\t\t<\/div>\n\t\t<\/section>\n\t\t\t\t<\/div>","protected":false},"excerpt":{"rendered":"<p>SEFOS f\u00f6r MS Teams Skicka meddelanden och identifiera anv\u00e4ndare till Teamsm\u00f6ten Tack vare v\u00e5r integration till MS Teams, \u00e4r det nu m\u00f6jligt att skicka och ta emot s\u00e4kra meddelanden genom Teams. Snart blir det \u00e4ven m\u00f6jligt att verifiera anv\u00e4ndare in till Teamsm\u00f6ten genom att l\u00e5ta de inbjudna mottagarna anv\u00e4nda sig av allt fr\u00e5n tj\u00e4nstelegitimation till [&hellip;]<\/p>","protected":false},"author":5,"featured_media":0,"parent":0,"menu_order":0,"comment_status":"closed","ping_status":"closed","template":"elementor_header_footer","meta":{"_monsterinsights_skip_tracking":false,"_monsterinsights_sitenote_active":false,"_monsterinsights_sitenote_note":"","_monsterinsights_sitenote_category":0,"_uf_show_specific_survey":0,"_uf_disable_surveys":false,"footnotes":""},"class_list":["post-2481","page","type-page","status-publish","hentry"],"aioseo_notices":[],"yoast_head":"<!-- This site is optimized with the Yoast SEO plugin v26.0 - https:\/\/yoast.com\/wordpress\/plugins\/seo\/ -->\n<title>SEFOS i Teams - Meaplus<\/title>\n<meta name=\"robots\" content=\"index, follow, max-snippet:-1, max-image-preview:large, max-video-preview:-1\" \/>\n<link rel=\"canonical\" href=\"https:\/\/www.meaplus.com\/en\/sefos-i-teams\/\" \/>\n<meta property=\"og:locale\" content=\"en_GB\" \/>\n<meta property=\"og:type\" content=\"article\" \/>\n<meta property=\"og:title\" content=\"SEFOS i Teams - Meaplus\" \/>\n<meta property=\"og:description\" content=\"SEFOS f\u00f6r MS Teams Skicka meddelanden och identifiera anv\u00e4ndare till Teamsm\u00f6ten Tack vare v\u00e5r integration till MS Teams, \u00e4r det nu m\u00f6jligt att skicka och ta emot s\u00e4kra meddelanden genom Teams. Snart blir det \u00e4ven m\u00f6jligt att verifiera anv\u00e4ndare in till Teamsm\u00f6ten genom att l\u00e5ta de inbjudna mottagarna anv\u00e4nda sig av allt fr\u00e5n tj\u00e4nstelegitimation till [&hellip;]\" \/>\n<meta property=\"og:url\" content=\"https:\/\/www.meaplus.com\/en\/sefos-i-teams\/\" \/>\n<meta property=\"og:site_name\" content=\"Meaplus\" \/>\n<meta property=\"article:publisher\" content=\"https:\/\/www.facebook.com\/MeaplusSweden\/?epa=SEARCH_BOX\" \/>\n<meta property=\"article:modified_time\" content=\"2022-01-11T14:38:00+00:00\" \/>\n<meta property=\"og:image\" content=\"https:\/\/www.meaplus.com\/wp-content\/uploads\/teams-meeting-eng-2.png\" \/>\n<meta name=\"twitter:card\" content=\"summary_large_image\" \/>\n<meta name=\"twitter:label1\" content=\"Estimated reading time\" \/>\n\t<meta name=\"twitter:data1\" content=\"2 minutes\" \/>\n<script type=\"application\/ld+json\" class=\"yoast-schema-graph\">{\"@context\":\"https:\/\/schema.org\",\"@graph\":[{\"@type\":\"WebPage\",\"@id\":\"https:\/\/www.meaplus.com\/sefos-i-teams\/\",\"url\":\"https:\/\/www.meaplus.com\/sefos-i-teams\/\",\"name\":\"SEFOS i Teams - Meaplus\",\"isPartOf\":{\"@id\":\"https:\/\/www.meaplus.com\/#website\"},\"primaryImageOfPage\":{\"@id\":\"https:\/\/www.meaplus.com\/sefos-i-teams\/#primaryimage\"},\"image\":{\"@id\":\"https:\/\/www.meaplus.com\/sefos-i-teams\/#primaryimage\"},\"thumbnailUrl\":\"https:\/\/www.meaplus.com\/wp-content\/uploads\/teams-meeting-eng-2.png\",\"datePublished\":\"2021-04-22T15:59:19+00:00\",\"dateModified\":\"2022-01-11T14:38:00+00:00\",\"breadcrumb\":{\"@id\":\"https:\/\/www.meaplus.com\/sefos-i-teams\/#breadcrumb\"},\"inLanguage\":\"en-GB\",\"potentialAction\":[{\"@type\":\"ReadAction\",\"target\":[\"https:\/\/www.meaplus.com\/sefos-i-teams\/\"]}]},{\"@type\":\"ImageObject\",\"inLanguage\":\"en-GB\",\"@id\":\"https:\/\/www.meaplus.com\/sefos-i-teams\/#primaryimage\",\"url\":\"https:\/\/www.meaplus.com\/wp-content\/uploads\/teams-meeting-eng-2.png\",\"contentUrl\":\"https:\/\/www.meaplus.com\/wp-content\/uploads\/teams-meeting-eng-2.png\"},{\"@type\":\"BreadcrumbList\",\"@id\":\"https:\/\/www.meaplus.com\/sefos-i-teams\/#breadcrumb\",\"itemListElement\":[{\"@type\":\"ListItem\",\"position\":1,\"name\":\"Home\",\"item\":\"https:\/\/www.meaplus.com\/\"},{\"@type\":\"ListItem\",\"position\":2,\"name\":\"SEFOS i Teams\"}]},{\"@type\":\"WebSite\",\"@id\":\"https:\/\/www.meaplus.com\/#website\",\"url\":\"https:\/\/www.meaplus.com\/\",\"name\":\"Meaplus\",\"description\":\"\",\"publisher\":{\"@id\":\"https:\/\/www.meaplus.com\/#organization\"},\"potentialAction\":[{\"@type\":\"SearchAction\",\"target\":{\"@type\":\"EntryPoint\",\"urlTemplate\":\"https:\/\/www.meaplus.com\/?s={search_term_string}\"},\"query-input\":{\"@type\":\"PropertyValueSpecification\",\"valueRequired\":true,\"valueName\":\"search_term_string\"}}],\"inLanguage\":\"en-GB\"},{\"@type\":\"Organization\",\"@id\":\"https:\/\/www.meaplus.com\/#organization\",\"name\":\"Meaplus\",\"url\":\"https:\/\/www.meaplus.com\/\",\"logo\":{\"@type\":\"ImageObject\",\"inLanguage\":\"en-GB\",\"@id\":\"https:\/\/www.meaplus.com\/#\/schema\/logo\/image\/\",\"url\":\"https:\/\/www.meaplus.com\/wp-content\/uploads\/2020\/02\/meaplus-logo-small.png\",\"contentUrl\":\"https:\/\/www.meaplus.com\/wp-content\/uploads\/2020\/02\/meaplus-logo-small.png\",\"width\":153,\"height\":53,\"caption\":\"Meaplus\"},\"image\":{\"@id\":\"https:\/\/www.meaplus.com\/#\/schema\/logo\/image\/\"},\"sameAs\":[\"https:\/\/www.facebook.com\/MeaplusSweden\/?epa=SEARCH_BOX\",\"https:\/\/www.linkedin.com\/company\/18883230\/admin\/\"]}]}<\/script>\n<!-- \/ Yoast SEO plugin. -->","yoast_head_json":{"title":"SEFOS i Teams - Meaplus","robots":{"index":"index","follow":"follow","max-snippet":"max-snippet:-1","max-image-preview":"max-image-preview:large","max-video-preview":"max-video-preview:-1"},"canonical":"https:\/\/www.meaplus.com\/en\/sefos-i-teams\/","og_locale":"en_GB","og_type":"article","og_title":"SEFOS i Teams - Meaplus","og_description":"SEFOS f\u00f6r MS Teams Skicka meddelanden och identifiera anv\u00e4ndare till Teamsm\u00f6ten Tack vare v\u00e5r integration till MS Teams, \u00e4r det nu m\u00f6jligt att skicka och ta emot s\u00e4kra meddelanden genom Teams. Snart blir det \u00e4ven m\u00f6jligt att verifiera anv\u00e4ndare in till Teamsm\u00f6ten genom att l\u00e5ta de inbjudna mottagarna anv\u00e4nda sig av allt fr\u00e5n tj\u00e4nstelegitimation till [&hellip;]","og_url":"https:\/\/www.meaplus.com\/en\/sefos-i-teams\/","og_site_name":"Meaplus","article_publisher":"https:\/\/www.facebook.com\/MeaplusSweden\/?epa=SEARCH_BOX","article_modified_time":"2022-01-11T14:38:00+00:00","og_image":[{"url":"https:\/\/www.meaplus.com\/wp-content\/uploads\/teams-meeting-eng-2.png","type":"","width":"","height":""}],"twitter_card":"summary_large_image","twitter_misc":{"Estimated reading time":"2 minutes"},"schema":{"@context":"https:\/\/schema.org","@graph":[{"@type":"WebPage","@id":"https:\/\/www.meaplus.com\/sefos-i-teams\/","url":"https:\/\/www.meaplus.com\/sefos-i-teams\/","name":"SEFOS i Teams - Meaplus","isPartOf":{"@id":"https:\/\/www.meaplus.com\/#website"},"primaryImageOfPage":{"@id":"https:\/\/www.meaplus.com\/sefos-i-teams\/#primaryimage"},"image":{"@id":"https:\/\/www.meaplus.com\/sefos-i-teams\/#primaryimage"},"thumbnailUrl":"https:\/\/www.meaplus.com\/wp-content\/uploads\/teams-meeting-eng-2.png","datePublished":"2021-04-22T15:59:19+00:00","dateModified":"2022-01-11T14:38:00+00:00","breadcrumb":{"@id":"https:\/\/www.meaplus.com\/sefos-i-teams\/#breadcrumb"},"inLanguage":"en-GB","potentialAction":[{"@type":"ReadAction","target":["https:\/\/www.meaplus.com\/sefos-i-teams\/"]}]},{"@type":"ImageObject","inLanguage":"en-GB","@id":"https:\/\/www.meaplus.com\/sefos-i-teams\/#primaryimage","url":"https:\/\/www.meaplus.com\/wp-content\/uploads\/teams-meeting-eng-2.png","contentUrl":"https:\/\/www.meaplus.com\/wp-content\/uploads\/teams-meeting-eng-2.png"},{"@type":"BreadcrumbList","@id":"https:\/\/www.meaplus.com\/sefos-i-teams\/#breadcrumb","itemListElement":[{"@type":"ListItem","position":1,"name":"Home","item":"https:\/\/www.meaplus.com\/"},{"@type":"ListItem","position":2,"name":"SEFOS i Teams"}]},{"@type":"WebSite","@id":"https:\/\/www.meaplus.com\/#website","url":"https:\/\/www.meaplus.com\/","name":"Meaplus","description":"","publisher":{"@id":"https:\/\/www.meaplus.com\/#organization"},"potentialAction":[{"@type":"SearchAction","target":{"@type":"EntryPoint","urlTemplate":"https:\/\/www.meaplus.com\/?s={search_term_string}"},"query-input":{"@type":"PropertyValueSpecification","valueRequired":true,"valueName":"search_term_string"}}],"inLanguage":"en-GB"},{"@type":"Organization","@id":"https:\/\/www.meaplus.com\/#organization","name":"Meaplus","url":"https:\/\/www.meaplus.com\/","logo":{"@type":"ImageObject","inLanguage":"en-GB","@id":"https:\/\/www.meaplus.com\/#\/schema\/logo\/image\/","url":"https:\/\/www.meaplus.com\/wp-content\/uploads\/2020\/02\/meaplus-logo-small.png","contentUrl":"https:\/\/www.meaplus.com\/wp-content\/uploads\/2020\/02\/meaplus-logo-small.png","width":153,"height":53,"caption":"Meaplus"},"image":{"@id":"https:\/\/www.meaplus.com\/#\/schema\/logo\/image\/"},"sameAs":["https:\/\/www.facebook.com\/MeaplusSweden\/?epa=SEARCH_BOX","https:\/\/www.linkedin.com\/company\/18883230\/admin\/"]}]}},"_links":{"self":[{"href":"https:\/\/www.meaplus.com\/en\/wp-json\/wp\/v2\/pages\/2481","targetHints":{"allow":["GET"]}}],"collection":[{"href":"https:\/\/www.meaplus.com\/en\/wp-json\/wp\/v2\/pages"}],"about":[{"href":"https:\/\/www.meaplus.com\/en\/wp-json\/wp\/v2\/types\/page"}],"author":[{"embeddable":true,"href":"https:\/\/www.meaplus.com\/en\/wp-json\/wp\/v2\/users\/5"}],"replies":[{"embeddable":true,"href":"https:\/\/www.meaplus.com\/en\/wp-json\/wp\/v2\/comments?post=2481"}],"version-history":[{"count":22,"href":"https:\/\/www.meaplus.com\/en\/wp-json\/wp\/v2\/pages\/2481\/revisions"}],"predecessor-version":[{"id":3520,"href":"https:\/\/www.meaplus.com\/en\/wp-json\/wp\/v2\/pages\/2481\/revisions\/3520"}],"wp:attachment":[{"href":"https:\/\/www.meaplus.com\/en\/wp-json\/wp\/v2\/media?parent=2481"}],"curies":[{"name":"wp","href":"https:\/\/api.w.org\/{rel}","templated":true}]}}