{"id":3143,"date":"2021-10-08T08:33:58","date_gmt":"2021-10-08T08:33:58","guid":{"rendered":"https:\/\/www.meaplus.com\/?page_id=3143"},"modified":"2022-01-12T09:52:21","modified_gmt":"2022-01-12T09:52:21","slug":"funktionsbrevlada","status":"publish","type":"page","link":"https:\/\/www.meaplus.com\/en\/funktionsbrevlada\/","title":{"rendered":"Funktionsbrevl\u00e5da"},"content":{"rendered":"<div data-elementor-type=\"wp-page\" data-elementor-id=\"3143\" class=\"elementor elementor-3143\" data-elementor-post-type=\"page\">\n\t\t\t\t\t\t<section class=\"elementor-section elementor-top-section elementor-element elementor-element-225efe97 elementor-section-height-min-height elementor-section-boxed elementor-section-height-default elementor-section-items-middle\" data-id=\"225efe97\" data-element_type=\"section\" data-e-type=\"section\" data-settings=\"{&quot;background_background&quot;:&quot;classic&quot;}\">\n\t\t\t\t\t\t\t<div class=\"elementor-background-overlay\"><\/div>\n\t\t\t\t\t\t\t<div class=\"elementor-container elementor-column-gap-default\">\n\t\t\t\t\t<div class=\"elementor-column elementor-col-50 elementor-top-column elementor-element elementor-element-7fe8701e\" data-id=\"7fe8701e\" data-element_type=\"column\" data-e-type=\"column\">\n\t\t\t<div class=\"elementor-widget-wrap elementor-element-populated\">\n\t\t\t\t\t\t<div class=\"elementor-element elementor-element-891343b elementor-widget__width-auto elementor-widget elementor-widget-heading\" data-id=\"891343b\" data-element_type=\"widget\" data-e-type=\"widget\" data-widget_type=\"heading.default\">\n\t\t\t\t<div class=\"elementor-widget-container\">\n\t\t\t\t\t<p class=\"elementor-heading-title elementor-size-default\">SEFOS<\/p>\t\t\t\t<\/div>\n\t\t\t\t<\/div>\n\t\t\t\t<div class=\"elementor-element elementor-element-465170d animated-slow elementor-invisible elementor-widget elementor-widget-heading\" data-id=\"465170d\" data-element_type=\"widget\" data-e-type=\"widget\" data-settings=\"{&quot;_animation&quot;:&quot;slideInUp&quot;}\" data-widget_type=\"heading.default\">\n\t\t\t\t<div class=\"elementor-widget-container\">\n\t\t\t\t\t<h1 class=\"elementor-heading-title elementor-size-default\">Functional Mailbox<\/h1>\t\t\t\t<\/div>\n\t\t\t\t<\/div>\n\t\t\t\t<div class=\"elementor-element elementor-element-67417d38 elementor-widget elementor-widget-spacer\" data-id=\"67417d38\" data-element_type=\"widget\" data-e-type=\"widget\" data-widget_type=\"spacer.default\">\n\t\t\t\t<div class=\"elementor-widget-container\">\n\t\t\t\t\t\t\t<div class=\"elementor-spacer\">\n\t\t\t<div class=\"elementor-spacer-inner\"><\/div>\n\t\t<\/div>\n\t\t\t\t\t\t<\/div>\n\t\t\t\t<\/div>\n\t\t\t\t<div class=\"elementor-element elementor-element-64949e26 animated-slow elementor-invisible elementor-widget elementor-widget-heading\" data-id=\"64949e26\" data-element_type=\"widget\" data-e-type=\"widget\" data-settings=\"{&quot;_animation&quot;:&quot;slideInUp&quot;}\" data-widget_type=\"heading.default\">\n\t\t\t\t<div class=\"elementor-widget-container\">\n\t\t\t\t\t<h1 class=\"elementor-heading-title elementor-size-default\">Connect several SEFOS users to one e-mail address.<\/h1>\t\t\t\t<\/div>\n\t\t\t\t<\/div>\n\t\t\t\t\t<\/div>\n\t\t<\/div>\n\t\t\t\t<div class=\"elementor-column elementor-col-50 elementor-top-column elementor-element elementor-element-25401811\" data-id=\"25401811\" data-element_type=\"column\" data-e-type=\"column\">\n\t\t\t<div class=\"elementor-widget-wrap\">\n\t\t\t\t\t\t\t<\/div>\n\t\t<\/div>\n\t\t\t\t\t<\/div>\n\t\t<\/section>\n\t\t\t\t<section class=\"elementor-section elementor-top-section elementor-element elementor-element-13b92ea9 elementor-reverse-mobile elementor-section-boxed elementor-section-height-default elementor-section-height-default\" data-id=\"13b92ea9\" data-element_type=\"section\" data-e-type=\"section\" data-settings=\"{&quot;background_background&quot;:&quot;classic&quot;}\">\n\t\t\t\t\t\t<div class=\"elementor-container elementor-column-gap-default\">\n\t\t\t\t\t<div class=\"elementor-column elementor-col-50 elementor-top-column elementor-element elementor-element-719afaf animated-fast elementor-invisible\" data-id=\"719afaf\" data-element_type=\"column\" data-e-type=\"column\" data-settings=\"{&quot;animation&quot;:&quot;fadeIn&quot;}\">\n\t\t\t<div class=\"elementor-widget-wrap elementor-element-populated\">\n\t\t\t\t\t\t<div class=\"elementor-element elementor-element-33902946 elementor-widget elementor-widget-heading\" data-id=\"33902946\" data-element_type=\"widget\" data-e-type=\"widget\" data-widget_type=\"heading.default\">\n\t\t\t\t<div class=\"elementor-widget-container\">\n\t\t\t\t\t<h2 class=\"elementor-heading-title elementor-size-default\">Create and manage shared mailboxes<\/h2>\t\t\t\t<\/div>\n\t\t\t\t<\/div>\n\t\t\t\t<div class=\"elementor-element elementor-element-16d7c7e6 elementor-widget elementor-widget-text-editor\" data-id=\"16d7c7e6\" data-element_type=\"widget\" data-e-type=\"widget\" data-widget_type=\"text-editor.default\">\n\t\t\t\t<div class=\"elementor-widget-container\">\n\t\t\t\t\t\t\t\t\t<p class=\"translation-block\">With SEFOS, it is possible to easily create and manage one or more secure shared mailboxes in <strong>SEFOS for Web<\/strong>, but can also be used through <strong> MS Teams <\/strong>.<\/p><p>Connect multiple users within your organization to different shared mailboxes. The shared mailboxes can be found for the connected users under their personal inbox in Messages.<\/p>\t\t\t\t\t\t\t\t<\/div>\n\t\t\t\t<\/div>\n\t\t\t\t\t<\/div>\n\t\t<\/div>\n\t\t\t\t<div class=\"elementor-column elementor-col-50 elementor-top-column elementor-element elementor-element-21159eb3\" data-id=\"21159eb3\" data-element_type=\"column\" data-e-type=\"column\">\n\t\t\t<div class=\"elementor-widget-wrap elementor-element-populated\">\n\t\t\t\t\t\t<div class=\"elementor-element elementor-element-6b5d0e41 elementor-widget elementor-widget-image\" data-id=\"6b5d0e41\" data-element_type=\"widget\" data-e-type=\"widget\" data-widget_type=\"image.default\">\n\t\t\t\t<div class=\"elementor-widget-container\">\n\t\t\t\t\t\t\t\t\t\t\t\t\t\t\t<img fetchpriority=\"high\" decoding=\"async\" width=\"800\" height=\"441\" src=\"https:\/\/www.meaplus.com\/wp-content\/uploads\/funktion-1-1024x564.png\" class=\"attachment-large size-large wp-image-3146\" alt=\"\" srcset=\"https:\/\/www.meaplus.com\/wp-content\/uploads\/funktion-1-1024x564.png 1024w, https:\/\/www.meaplus.com\/wp-content\/uploads\/funktion-1-300x165.png 300w, https:\/\/www.meaplus.com\/wp-content\/uploads\/funktion-1-768x423.png 768w, https:\/\/www.meaplus.com\/wp-content\/uploads\/funktion-1-1536x845.png 1536w, https:\/\/www.meaplus.com\/wp-content\/uploads\/funktion-1-18x10.png 18w, https:\/\/www.meaplus.com\/wp-content\/uploads\/funktion-1.png 1550w\" sizes=\"(max-width: 800px) 100vw, 800px\" \/>\t\t\t\t\t\t\t\t\t\t\t\t\t\t\t<\/div>\n\t\t\t\t<\/div>\n\t\t\t\t\t<\/div>\n\t\t<\/div>\n\t\t\t\t\t<\/div>\n\t\t<\/section>\n\t\t\t\t<section class=\"elementor-section elementor-top-section elementor-element elementor-element-616b8329 elementor-reverse-mobile elementor-section-boxed elementor-section-height-default elementor-section-height-default\" data-id=\"616b8329\" data-element_type=\"section\" data-e-type=\"section\" data-settings=\"{&quot;background_background&quot;:&quot;classic&quot;}\">\n\t\t\t\t\t\t<div class=\"elementor-container elementor-column-gap-default\">\n\t\t\t\t\t<div class=\"elementor-column elementor-col-50 elementor-top-column elementor-element elementor-element-64eb6c38\" data-id=\"64eb6c38\" data-element_type=\"column\" data-e-type=\"column\">\n\t\t\t<div class=\"elementor-widget-wrap elementor-element-populated\">\n\t\t\t\t\t\t<div class=\"elementor-element elementor-element-105ccfc0 elementor-widget elementor-widget-image\" data-id=\"105ccfc0\" data-element_type=\"widget\" data-e-type=\"widget\" data-widget_type=\"image.default\">\n\t\t\t\t<div class=\"elementor-widget-container\">\n\t\t\t\t\t\t\t\t\t\t\t\t\t\t\t<img decoding=\"async\" width=\"800\" height=\"580\" src=\"https:\/\/www.meaplus.com\/wp-content\/uploads\/funktion-2-1024x742.png\" class=\"attachment-large size-large wp-image-3147\" alt=\"\" srcset=\"https:\/\/www.meaplus.com\/wp-content\/uploads\/funktion-2-1024x742.png 1024w, https:\/\/www.meaplus.com\/wp-content\/uploads\/funktion-2-300x217.png 300w, https:\/\/www.meaplus.com\/wp-content\/uploads\/funktion-2-768x557.png 768w, https:\/\/www.meaplus.com\/wp-content\/uploads\/funktion-2-18x12.png 18w, https:\/\/www.meaplus.com\/wp-content\/uploads\/funktion-2.png 1061w\" sizes=\"(max-width: 800px) 100vw, 800px\" \/>\t\t\t\t\t\t\t\t\t\t\t\t\t\t\t<\/div>\n\t\t\t\t<\/div>\n\t\t\t\t\t<\/div>\n\t\t<\/div>\n\t\t\t\t<div class=\"elementor-column elementor-col-50 elementor-top-column elementor-element elementor-element-1058851c\" data-id=\"1058851c\" data-element_type=\"column\" data-e-type=\"column\">\n\t\t\t<div class=\"elementor-widget-wrap elementor-element-populated\">\n\t\t\t\t\t\t<div class=\"elementor-element elementor-element-276a1ed7 animated-slow elementor-invisible elementor-widget elementor-widget-heading\" data-id=\"276a1ed7\" data-element_type=\"widget\" data-e-type=\"widget\" data-settings=\"{&quot;_animation&quot;:&quot;fadeInDown&quot;}\" data-widget_type=\"heading.default\">\n\t\t\t\t<div class=\"elementor-widget-container\">\n\t\t\t\t\t<h2 class=\"elementor-heading-title elementor-size-default\">Manage issues in the shared mailbox<\/h2>\t\t\t\t<\/div>\n\t\t\t\t<\/div>\n\t\t\t\t<div class=\"elementor-element elementor-element-70b6a354 elementor-invisible elementor-widget elementor-widget-text-editor\" data-id=\"70b6a354\" data-element_type=\"widget\" data-e-type=\"widget\" data-settings=\"{&quot;_animation&quot;:&quot;fadeInDown&quot;}\" data-widget_type=\"text-editor.default\">\n\t\t\t\t<div class=\"elementor-widget-container\">\n\t\t\t\t\t\t\t\t\t<p class=\"p1\">Once selected users within your organization have been linked to a shared mailbox, it is possible for them to send and receive messages from the email address as well as handle and claim issues.<\/p>\t\t\t\t\t\t\t\t<\/div>\n\t\t\t\t<\/div>\n\t\t\t\t\t<\/div>\n\t\t<\/div>\n\t\t\t\t\t<\/div>\n\t\t<\/section>\n\t\t\t\t<\/div>","protected":false},"excerpt":{"rendered":"<p>SEFOS Funktionsbrevl\u00e5dor Koppla flera SEFOS-anv\u00e4ndare till en och samma e-postadress. Skapa och hantera funktionsbrevl\u00e5dor Med SEFOS \u00e4r det m\u00f6jligt att enkelt skapa och hantera en eller flera s\u00e4kra funktionsbrevl\u00e5dor i\u00a0SEFOS for Web,\u00a0men kan \u00e4ven anv\u00e4ndas genom\u00a0MS Teams. Koppla flera anv\u00e4ndare inom er organisation till olika funktionsbrevl\u00e5dor. Funktionsbrevl\u00e5dorna g\u00e5r att hitta f\u00f6r de kopplade anv\u00e4ndarna under [&hellip;]<\/p>","protected":false},"author":5,"featured_media":0,"parent":0,"menu_order":0,"comment_status":"closed","ping_status":"closed","template":"elementor_header_footer","meta":{"_monsterinsights_skip_tracking":false,"_monsterinsights_sitenote_active":false,"_monsterinsights_sitenote_note":"","_monsterinsights_sitenote_category":0,"_uf_show_specific_survey":0,"_uf_disable_surveys":false,"footnotes":""},"class_list":["post-3143","page","type-page","status-publish","hentry"],"aioseo_notices":[],"yoast_head":"<!-- This site is optimized with the Yoast SEO plugin v26.0 - https:\/\/yoast.com\/wordpress\/plugins\/seo\/ -->\n<title>Funktionsbrevl\u00e5da - Meaplus<\/title>\n<meta name=\"robots\" content=\"index, follow, max-snippet:-1, max-image-preview:large, max-video-preview:-1\" \/>\n<link rel=\"canonical\" href=\"https:\/\/www.meaplus.com\/en\/funktionsbrevlada\/\" \/>\n<meta property=\"og:locale\" content=\"en_GB\" \/>\n<meta property=\"og:type\" content=\"article\" \/>\n<meta property=\"og:title\" content=\"Funktionsbrevl\u00e5da - Meaplus\" \/>\n<meta property=\"og:description\" content=\"SEFOS Funktionsbrevl\u00e5dor Koppla flera SEFOS-anv\u00e4ndare till en och samma e-postadress. Skapa och hantera funktionsbrevl\u00e5dor Med SEFOS \u00e4r det m\u00f6jligt att enkelt skapa och hantera en eller flera s\u00e4kra funktionsbrevl\u00e5dor i\u00a0SEFOS for Web,\u00a0men kan \u00e4ven anv\u00e4ndas genom\u00a0MS Teams. Koppla flera anv\u00e4ndare inom er organisation till olika funktionsbrevl\u00e5dor. Funktionsbrevl\u00e5dorna g\u00e5r att hitta f\u00f6r de kopplade anv\u00e4ndarna under [&hellip;]\" \/>\n<meta property=\"og:url\" content=\"https:\/\/www.meaplus.com\/en\/funktionsbrevlada\/\" \/>\n<meta property=\"og:site_name\" content=\"Meaplus\" \/>\n<meta property=\"article:publisher\" content=\"https:\/\/www.facebook.com\/MeaplusSweden\/?epa=SEARCH_BOX\" \/>\n<meta property=\"article:modified_time\" content=\"2022-01-12T09:52:21+00:00\" \/>\n<meta property=\"og:image\" content=\"https:\/\/www.meaplus.com\/wp-content\/uploads\/funktion-1-1024x564.png\" \/>\n<meta name=\"twitter:card\" content=\"summary_large_image\" \/>\n<meta name=\"twitter:label1\" content=\"Estimated reading time\" \/>\n\t<meta name=\"twitter:data1\" content=\"1 minute\" \/>\n<script type=\"application\/ld+json\" class=\"yoast-schema-graph\">{\"@context\":\"https:\/\/schema.org\",\"@graph\":[{\"@type\":\"WebPage\",\"@id\":\"https:\/\/www.meaplus.com\/en\/funktionsbrevlada\/\",\"url\":\"https:\/\/www.meaplus.com\/en\/funktionsbrevlada\/\",\"name\":\"Funktionsbrevl\u00e5da - Meaplus\",\"isPartOf\":{\"@id\":\"https:\/\/www.meaplus.com\/#website\"},\"primaryImageOfPage\":{\"@id\":\"https:\/\/www.meaplus.com\/en\/funktionsbrevlada\/#primaryimage\"},\"image\":{\"@id\":\"https:\/\/www.meaplus.com\/en\/funktionsbrevlada\/#primaryimage\"},\"thumbnailUrl\":\"https:\/\/www.meaplus.com\/wp-content\/uploads\/funktion-1-1024x564.png\",\"datePublished\":\"2021-10-08T08:33:58+00:00\",\"dateModified\":\"2022-01-12T09:52:21+00:00\",\"breadcrumb\":{\"@id\":\"https:\/\/www.meaplus.com\/en\/funktionsbrevlada\/#breadcrumb\"},\"inLanguage\":\"en-GB\",\"potentialAction\":[{\"@type\":\"ReadAction\",\"target\":[\"https:\/\/www.meaplus.com\/en\/funktionsbrevlada\/\"]}]},{\"@type\":\"ImageObject\",\"inLanguage\":\"en-GB\",\"@id\":\"https:\/\/www.meaplus.com\/en\/funktionsbrevlada\/#primaryimage\",\"url\":\"https:\/\/www.meaplus.com\/wp-content\/uploads\/funktion-1-1024x564.png\",\"contentUrl\":\"https:\/\/www.meaplus.com\/wp-content\/uploads\/funktion-1-1024x564.png\"},{\"@type\":\"BreadcrumbList\",\"@id\":\"https:\/\/www.meaplus.com\/en\/funktionsbrevlada\/#breadcrumb\",\"itemListElement\":[{\"@type\":\"ListItem\",\"position\":1,\"name\":\"Home\",\"item\":\"https:\/\/www.meaplus.com\/\"},{\"@type\":\"ListItem\",\"position\":2,\"name\":\"Funktionsbrevl\u00e5da\"}]},{\"@type\":\"WebSite\",\"@id\":\"https:\/\/www.meaplus.com\/#website\",\"url\":\"https:\/\/www.meaplus.com\/\",\"name\":\"Meaplus\",\"description\":\"\",\"publisher\":{\"@id\":\"https:\/\/www.meaplus.com\/#organization\"},\"potentialAction\":[{\"@type\":\"SearchAction\",\"target\":{\"@type\":\"EntryPoint\",\"urlTemplate\":\"https:\/\/www.meaplus.com\/?s={search_term_string}\"},\"query-input\":{\"@type\":\"PropertyValueSpecification\",\"valueRequired\":true,\"valueName\":\"search_term_string\"}}],\"inLanguage\":\"en-GB\"},{\"@type\":\"Organization\",\"@id\":\"https:\/\/www.meaplus.com\/#organization\",\"name\":\"Meaplus\",\"url\":\"https:\/\/www.meaplus.com\/\",\"logo\":{\"@type\":\"ImageObject\",\"inLanguage\":\"en-GB\",\"@id\":\"https:\/\/www.meaplus.com\/#\/schema\/logo\/image\/\",\"url\":\"https:\/\/www.meaplus.com\/wp-content\/uploads\/2020\/02\/meaplus-logo-small.png\",\"contentUrl\":\"https:\/\/www.meaplus.com\/wp-content\/uploads\/2020\/02\/meaplus-logo-small.png\",\"width\":153,\"height\":53,\"caption\":\"Meaplus\"},\"image\":{\"@id\":\"https:\/\/www.meaplus.com\/#\/schema\/logo\/image\/\"},\"sameAs\":[\"https:\/\/www.facebook.com\/MeaplusSweden\/?epa=SEARCH_BOX\",\"https:\/\/www.linkedin.com\/company\/18883230\/admin\/\"]}]}<\/script>\n<!-- \/ Yoast SEO plugin. -->","yoast_head_json":{"title":"Funktionsbrevl\u00e5da - Meaplus","robots":{"index":"index","follow":"follow","max-snippet":"max-snippet:-1","max-image-preview":"max-image-preview:large","max-video-preview":"max-video-preview:-1"},"canonical":"https:\/\/www.meaplus.com\/en\/funktionsbrevlada\/","og_locale":"en_GB","og_type":"article","og_title":"Funktionsbrevl\u00e5da - Meaplus","og_description":"SEFOS Funktionsbrevl\u00e5dor Koppla flera SEFOS-anv\u00e4ndare till en och samma e-postadress. Skapa och hantera funktionsbrevl\u00e5dor Med SEFOS \u00e4r det m\u00f6jligt att enkelt skapa och hantera en eller flera s\u00e4kra funktionsbrevl\u00e5dor i\u00a0SEFOS for Web,\u00a0men kan \u00e4ven anv\u00e4ndas genom\u00a0MS Teams. Koppla flera anv\u00e4ndare inom er organisation till olika funktionsbrevl\u00e5dor. Funktionsbrevl\u00e5dorna g\u00e5r att hitta f\u00f6r de kopplade anv\u00e4ndarna under [&hellip;]","og_url":"https:\/\/www.meaplus.com\/en\/funktionsbrevlada\/","og_site_name":"Meaplus","article_publisher":"https:\/\/www.facebook.com\/MeaplusSweden\/?epa=SEARCH_BOX","article_modified_time":"2022-01-12T09:52:21+00:00","og_image":[{"url":"https:\/\/www.meaplus.com\/wp-content\/uploads\/funktion-1-1024x564.png","type":"","width":"","height":""}],"twitter_card":"summary_large_image","twitter_misc":{"Estimated reading time":"1 minute"},"schema":{"@context":"https:\/\/schema.org","@graph":[{"@type":"WebPage","@id":"https:\/\/www.meaplus.com\/en\/funktionsbrevlada\/","url":"https:\/\/www.meaplus.com\/en\/funktionsbrevlada\/","name":"Funktionsbrevl\u00e5da - Meaplus","isPartOf":{"@id":"https:\/\/www.meaplus.com\/#website"},"primaryImageOfPage":{"@id":"https:\/\/www.meaplus.com\/en\/funktionsbrevlada\/#primaryimage"},"image":{"@id":"https:\/\/www.meaplus.com\/en\/funktionsbrevlada\/#primaryimage"},"thumbnailUrl":"https:\/\/www.meaplus.com\/wp-content\/uploads\/funktion-1-1024x564.png","datePublished":"2021-10-08T08:33:58+00:00","dateModified":"2022-01-12T09:52:21+00:00","breadcrumb":{"@id":"https:\/\/www.meaplus.com\/en\/funktionsbrevlada\/#breadcrumb"},"inLanguage":"en-GB","potentialAction":[{"@type":"ReadAction","target":["https:\/\/www.meaplus.com\/en\/funktionsbrevlada\/"]}]},{"@type":"ImageObject","inLanguage":"en-GB","@id":"https:\/\/www.meaplus.com\/en\/funktionsbrevlada\/#primaryimage","url":"https:\/\/www.meaplus.com\/wp-content\/uploads\/funktion-1-1024x564.png","contentUrl":"https:\/\/www.meaplus.com\/wp-content\/uploads\/funktion-1-1024x564.png"},{"@type":"BreadcrumbList","@id":"https:\/\/www.meaplus.com\/en\/funktionsbrevlada\/#breadcrumb","itemListElement":[{"@type":"ListItem","position":1,"name":"Home","item":"https:\/\/www.meaplus.com\/"},{"@type":"ListItem","position":2,"name":"Funktionsbrevl\u00e5da"}]},{"@type":"WebSite","@id":"https:\/\/www.meaplus.com\/#website","url":"https:\/\/www.meaplus.com\/","name":"Meaplus","description":"","publisher":{"@id":"https:\/\/www.meaplus.com\/#organization"},"potentialAction":[{"@type":"SearchAction","target":{"@type":"EntryPoint","urlTemplate":"https:\/\/www.meaplus.com\/?s={search_term_string}"},"query-input":{"@type":"PropertyValueSpecification","valueRequired":true,"valueName":"search_term_string"}}],"inLanguage":"en-GB"},{"@type":"Organization","@id":"https:\/\/www.meaplus.com\/#organization","name":"Meaplus","url":"https:\/\/www.meaplus.com\/","logo":{"@type":"ImageObject","inLanguage":"en-GB","@id":"https:\/\/www.meaplus.com\/#\/schema\/logo\/image\/","url":"https:\/\/www.meaplus.com\/wp-content\/uploads\/2020\/02\/meaplus-logo-small.png","contentUrl":"https:\/\/www.meaplus.com\/wp-content\/uploads\/2020\/02\/meaplus-logo-small.png","width":153,"height":53,"caption":"Meaplus"},"image":{"@id":"https:\/\/www.meaplus.com\/#\/schema\/logo\/image\/"},"sameAs":["https:\/\/www.facebook.com\/MeaplusSweden\/?epa=SEARCH_BOX","https:\/\/www.linkedin.com\/company\/18883230\/admin\/"]}]}},"_links":{"self":[{"href":"https:\/\/www.meaplus.com\/en\/wp-json\/wp\/v2\/pages\/3143","targetHints":{"allow":["GET"]}}],"collection":[{"href":"https:\/\/www.meaplus.com\/en\/wp-json\/wp\/v2\/pages"}],"about":[{"href":"https:\/\/www.meaplus.com\/en\/wp-json\/wp\/v2\/types\/page"}],"author":[{"embeddable":true,"href":"https:\/\/www.meaplus.com\/en\/wp-json\/wp\/v2\/users\/5"}],"replies":[{"embeddable":true,"href":"https:\/\/www.meaplus.com\/en\/wp-json\/wp\/v2\/comments?post=3143"}],"version-history":[{"count":10,"href":"https:\/\/www.meaplus.com\/en\/wp-json\/wp\/v2\/pages\/3143\/revisions"}],"predecessor-version":[{"id":3644,"href":"https:\/\/www.meaplus.com\/en\/wp-json\/wp\/v2\/pages\/3143\/revisions\/3644"}],"wp:attachment":[{"href":"https:\/\/www.meaplus.com\/en\/wp-json\/wp\/v2\/media?parent=3143"}],"curies":[{"name":"wp","href":"https:\/\/api.w.org\/{rel}","templated":true}]}}