{"id":3305,"date":"2021-11-18T09:08:41","date_gmt":"2021-11-18T09:08:41","guid":{"rendered":"https:\/\/www.meaplus.com\/?page_id=3305"},"modified":"2024-11-29T08:58:38","modified_gmt":"2024-11-29T08:58:38","slug":"automatiserade-utskick","status":"publish","type":"page","link":"https:\/\/www.meaplus.com\/en\/automatiserade-utskick\/","title":{"rendered":"Automated Mailings"},"content":{"rendered":"<div data-elementor-type=\"wp-page\" data-elementor-id=\"3305\" class=\"elementor elementor-3305\" data-elementor-post-type=\"page\">\n\t\t\t\t\t\t<section class=\"elementor-section elementor-top-section elementor-element elementor-element-993010a elementor-section-height-min-height elementor-section-boxed elementor-section-height-default elementor-section-items-middle\" data-id=\"993010a\" data-element_type=\"section\" data-e-type=\"section\" data-settings=\"{&quot;background_background&quot;:&quot;classic&quot;}\">\n\t\t\t\t\t\t\t<div class=\"elementor-background-overlay\"><\/div>\n\t\t\t\t\t\t\t<div class=\"elementor-container elementor-column-gap-default\">\n\t\t\t\t\t<div class=\"elementor-column elementor-col-100 elementor-top-column elementor-element elementor-element-15f9d2e8\" data-id=\"15f9d2e8\" data-element_type=\"column\" data-e-type=\"column\">\n\t\t\t<div class=\"elementor-widget-wrap elementor-element-populated\">\n\t\t\t\t\t\t<div class=\"elementor-element elementor-element-f1e717e elementor-widget__width-auto elementor-widget elementor-widget-heading\" data-id=\"f1e717e\" data-element_type=\"widget\" data-e-type=\"widget\" data-widget_type=\"heading.default\">\n\t\t\t\t<div class=\"elementor-widget-container\">\n\t\t\t\t\t<p class=\"elementor-heading-title elementor-size-default\">SEFOS<\/p>\t\t\t\t<\/div>\n\t\t\t\t<\/div>\n\t\t\t\t<div class=\"elementor-element elementor-element-2d0425c7 animated-slow elementor-invisible elementor-widget elementor-widget-heading\" data-id=\"2d0425c7\" data-element_type=\"widget\" data-e-type=\"widget\" data-settings=\"{&quot;_animation&quot;:&quot;slideInDown&quot;}\" data-widget_type=\"heading.default\">\n\t\t\t\t<div class=\"elementor-widget-container\">\n\t\t\t\t\t<h1 class=\"elementor-heading-title elementor-size-default\">Automated Mailings<\/h1>\t\t\t\t<\/div>\n\t\t\t\t<\/div>\n\t\t\t\t<section class=\"elementor-section elementor-inner-section elementor-element elementor-element-2a34fa7e elementor-section-boxed elementor-section-height-default elementor-section-height-default\" data-id=\"2a34fa7e\" data-element_type=\"section\" data-e-type=\"section\">\n\t\t\t\t\t\t<div class=\"elementor-container elementor-column-gap-default\">\n\t\t\t\t\t<div class=\"elementor-column elementor-col-100 elementor-inner-column elementor-element elementor-element-4454aa7c\" data-id=\"4454aa7c\" data-element_type=\"column\" data-e-type=\"column\">\n\t\t\t<div class=\"elementor-widget-wrap elementor-element-populated\">\n\t\t\t\t\t\t<div class=\"elementor-element elementor-element-3c80f014 animated-slow elementor-invisible elementor-widget elementor-widget-heading\" data-id=\"3c80f014\" data-element_type=\"widget\" data-e-type=\"widget\" data-settings=\"{&quot;_animation&quot;:&quot;slideInDown&quot;}\" data-widget_type=\"heading.default\">\n\t\t\t\t<div class=\"elementor-widget-container\">\n\t\t\t\t\t<h1 class=\"elementor-heading-title elementor-size-default\">Creates the opportunity to programmatically create a dialogue with recipients identified with strong authentication such as SITHS and Swedish e-identification, by using SEFOS APIs.<\/h1>\t\t\t\t<\/div>\n\t\t\t\t<\/div>\n\t\t\t\t\t<\/div>\n\t\t<\/div>\n\t\t\t\t\t<\/div>\n\t\t<\/section>\n\t\t\t\t\t<\/div>\n\t\t<\/div>\n\t\t\t\t\t<\/div>\n\t\t<\/section>\n\t\t\t\t<section class=\"elementor-section elementor-top-section elementor-element elementor-element-49f138ef elementor-section-boxed elementor-section-height-default elementor-section-height-default\" data-id=\"49f138ef\" data-element_type=\"section\" data-e-type=\"section\" data-settings=\"{&quot;background_background&quot;:&quot;classic&quot;}\">\n\t\t\t\t\t\t<div class=\"elementor-container elementor-column-gap-default\">\n\t\t\t\t\t<div class=\"elementor-column elementor-col-50 elementor-top-column elementor-element elementor-element-7c66e724\" data-id=\"7c66e724\" data-element_type=\"column\" data-e-type=\"column\">\n\t\t\t<div class=\"elementor-widget-wrap elementor-element-populated\">\n\t\t\t\t\t\t<div class=\"elementor-element elementor-element-7cb6dd63 elementor-widget elementor-widget-image\" data-id=\"7cb6dd63\" data-element_type=\"widget\" data-e-type=\"widget\" data-widget_type=\"image.default\">\n\t\t\t\t<div class=\"elementor-widget-container\">\n\t\t\t\t\t\t\t\t\t\t\t\t\t\t\t<img fetchpriority=\"high\" decoding=\"async\" width=\"1440\" height=\"960\" src=\"https:\/\/www.meaplus.com\/wp-content\/uploads\/rest-api-img.jpg\" class=\"attachment-full size-full wp-image-3300\" alt=\"\" srcset=\"https:\/\/www.meaplus.com\/wp-content\/uploads\/rest-api-img.jpg 1440w, https:\/\/www.meaplus.com\/wp-content\/uploads\/rest-api-img-300x200.jpg 300w, https:\/\/www.meaplus.com\/wp-content\/uploads\/rest-api-img-1024x683.jpg 1024w, https:\/\/www.meaplus.com\/wp-content\/uploads\/rest-api-img-768x512.jpg 768w, https:\/\/www.meaplus.com\/wp-content\/uploads\/rest-api-img-18x12.jpg 18w\" sizes=\"(max-width: 1440px) 100vw, 1440px\" \/>\t\t\t\t\t\t\t\t\t\t\t\t\t\t\t<\/div>\n\t\t\t\t<\/div>\n\t\t\t\t\t<\/div>\n\t\t<\/div>\n\t\t\t\t<div class=\"elementor-column elementor-col-50 elementor-top-column elementor-element elementor-element-1c6fdb27\" data-id=\"1c6fdb27\" data-element_type=\"column\" data-e-type=\"column\">\n\t\t\t<div class=\"elementor-widget-wrap elementor-element-populated\">\n\t\t\t\t\t\t<div class=\"elementor-element elementor-element-5a3f6641 elementor-widget elementor-widget-spacer\" data-id=\"5a3f6641\" data-element_type=\"widget\" data-e-type=\"widget\" data-widget_type=\"spacer.default\">\n\t\t\t\t<div class=\"elementor-widget-container\">\n\t\t\t\t\t\t\t<div class=\"elementor-spacer\">\n\t\t\t<div class=\"elementor-spacer-inner\"><\/div>\n\t\t<\/div>\n\t\t\t\t\t\t<\/div>\n\t\t\t\t<\/div>\n\t\t\t\t<div class=\"elementor-element elementor-element-283a16a7 animated-slow elementor-invisible elementor-widget elementor-widget-heading\" data-id=\"283a16a7\" data-element_type=\"widget\" data-e-type=\"widget\" data-settings=\"{&quot;_animation&quot;:&quot;fadeInDown&quot;}\" data-widget_type=\"heading.default\">\n\t\t\t\t<div class=\"elementor-widget-container\">\n\t\t\t\t\t<h2 class=\"elementor-heading-title elementor-size-default\">SEFOS rest API<\/h2>\t\t\t\t<\/div>\n\t\t\t\t<\/div>\n\t\t\t\t<div class=\"elementor-element elementor-element-59c674 elementor-invisible elementor-widget elementor-widget-text-editor\" data-id=\"59c674\" data-element_type=\"widget\" data-e-type=\"widget\" data-settings=\"{&quot;_animation&quot;:&quot;fadeInDown&quot;}\" data-widget_type=\"text-editor.default\">\n\t\t\t\t<div class=\"elementor-widget-container\">\n\t\t\t\t\t\t\t\t\t<p>SEFOS offers a rest API that gives other systems the ability to send automated messages via SEFOS using a shared mailbox. This means that you can connect your system or website to SEFOS and then automate the sending of messages.<\/p>\t\t\t\t\t\t\t\t<\/div>\n\t\t\t\t<\/div>\n\t\t\t\t\t<\/div>\n\t\t<\/div>\n\t\t\t\t\t<\/div>\n\t\t<\/section>\n\t\t\t\t<section class=\"elementor-section elementor-top-section elementor-element elementor-element-125d98ea elementor-reverse-mobile elementor-section-boxed elementor-section-height-default elementor-section-height-default\" data-id=\"125d98ea\" data-element_type=\"section\" data-e-type=\"section\" data-settings=\"{&quot;background_background&quot;:&quot;classic&quot;}\">\n\t\t\t\t\t\t<div class=\"elementor-container elementor-column-gap-default\">\n\t\t\t\t\t<div class=\"elementor-column elementor-col-50 elementor-top-column elementor-element elementor-element-18a885b8\" data-id=\"18a885b8\" data-element_type=\"column\" data-e-type=\"column\">\n\t\t\t<div class=\"elementor-widget-wrap elementor-element-populated\">\n\t\t\t\t\t\t<div class=\"elementor-element elementor-element-1b995dd0 elementor-widget elementor-widget-heading\" data-id=\"1b995dd0\" data-element_type=\"widget\" data-e-type=\"widget\" data-widget_type=\"heading.default\">\n\t\t\t\t<div class=\"elementor-widget-container\">\n\t\t\t\t\t<h2 class=\"elementor-heading-title elementor-size-default\">Automated mailings are made through a shared mailbox<\/h2>\t\t\t\t<\/div>\n\t\t\t\t<\/div>\n\t\t\t\t<div class=\"elementor-element elementor-element-4c79c02e elementor-widget elementor-widget-text-editor\" data-id=\"4c79c02e\" data-element_type=\"widget\" data-e-type=\"widget\" data-widget_type=\"text-editor.default\">\n\t\t\t\t<div class=\"elementor-widget-container\">\n\t\t\t\t\t\t\t\t\t<p>An automated message is sent out through a shared mailbox in SEFOS. When the recipient then responds to this message, it automatically returns to the shared mailbox, where several employees then have authority to handle incoming messages. Since it is possible to choose whether a recipient should be able to respond to a message or not, SEFOS supports both collecting information and sending out information.<\/p>\t\t\t\t\t\t\t\t<\/div>\n\t\t\t\t<\/div>\n\t\t\t\t<div class=\"elementor-element elementor-element-6c3d92fc elementor-widget elementor-widget-spacer\" data-id=\"6c3d92fc\" data-element_type=\"widget\" data-e-type=\"widget\" data-widget_type=\"spacer.default\">\n\t\t\t\t<div class=\"elementor-widget-container\">\n\t\t\t\t\t\t\t<div class=\"elementor-spacer\">\n\t\t\t<div class=\"elementor-spacer-inner\"><\/div>\n\t\t<\/div>\n\t\t\t\t\t\t<\/div>\n\t\t\t\t<\/div>\n\t\t\t\t\t<\/div>\n\t\t<\/div>\n\t\t\t\t<div class=\"elementor-column elementor-col-50 elementor-top-column elementor-element elementor-element-372f8e32\" data-id=\"372f8e32\" data-element_type=\"column\" data-e-type=\"column\">\n\t\t\t<div class=\"elementor-widget-wrap elementor-element-populated\">\n\t\t\t\t\t\t<div class=\"elementor-element elementor-element-b9df292 elementor-widget elementor-widget-image\" data-id=\"b9df292\" data-element_type=\"widget\" data-e-type=\"widget\" data-widget_type=\"image.default\">\n\t\t\t\t<div class=\"elementor-widget-container\">\n\t\t\t\t\t\t\t\t\t\t\t\t\t\t\t<img decoding=\"async\" width=\"800\" height=\"268\" src=\"https:\/\/www.meaplus.com\/wp-content\/uploads\/AU-fig-1.png\" class=\"attachment-large size-large wp-image-3301\" alt=\"\" srcset=\"https:\/\/www.meaplus.com\/wp-content\/uploads\/AU-fig-1.png 831w, https:\/\/www.meaplus.com\/wp-content\/uploads\/AU-fig-1-300x100.png 300w, https:\/\/www.meaplus.com\/wp-content\/uploads\/AU-fig-1-768x257.png 768w, https:\/\/www.meaplus.com\/wp-content\/uploads\/AU-fig-1-18x6.png 18w\" sizes=\"(max-width: 800px) 100vw, 800px\" \/>\t\t\t\t\t\t\t\t\t\t\t\t\t\t\t<\/div>\n\t\t\t\t<\/div>\n\t\t\t\t\t<\/div>\n\t\t<\/div>\n\t\t\t\t\t<\/div>\n\t\t<\/section>\n\t\t\t\t<section class=\"elementor-section elementor-top-section elementor-element elementor-element-2766c3c8 elementor-section-boxed elementor-section-height-default elementor-section-height-default\" data-id=\"2766c3c8\" data-element_type=\"section\" data-e-type=\"section\" data-settings=\"{&quot;background_background&quot;:&quot;classic&quot;}\">\n\t\t\t\t\t\t<div class=\"elementor-container elementor-column-gap-default\">\n\t\t\t\t\t<div class=\"elementor-column elementor-col-50 elementor-top-column elementor-element elementor-element-38d5ce0f\" data-id=\"38d5ce0f\" data-element_type=\"column\" data-e-type=\"column\">\n\t\t\t<div class=\"elementor-widget-wrap elementor-element-populated\">\n\t\t\t\t\t\t<div class=\"elementor-element elementor-element-47ea5495 elementor-widget elementor-widget-image\" data-id=\"47ea5495\" data-element_type=\"widget\" data-e-type=\"widget\" data-widget_type=\"image.default\">\n\t\t\t\t<div class=\"elementor-widget-container\">\n\t\t\t\t\t\t\t\t\t\t\t\t\t\t\t<img decoding=\"async\" width=\"1382\" height=\"922\" src=\"https:\/\/www.meaplus.com\/wp-content\/uploads\/lady-pointing-at-laptop-screen-PE2E4HQ-1.jpg\" class=\"attachment-full size-full wp-image-3302\" alt=\"\" srcset=\"https:\/\/www.meaplus.com\/wp-content\/uploads\/lady-pointing-at-laptop-screen-PE2E4HQ-1.jpg 1382w, https:\/\/www.meaplus.com\/wp-content\/uploads\/lady-pointing-at-laptop-screen-PE2E4HQ-1-300x200.jpg 300w, https:\/\/www.meaplus.com\/wp-content\/uploads\/lady-pointing-at-laptop-screen-PE2E4HQ-1-1024x683.jpg 1024w, https:\/\/www.meaplus.com\/wp-content\/uploads\/lady-pointing-at-laptop-screen-PE2E4HQ-1-768x512.jpg 768w, https:\/\/www.meaplus.com\/wp-content\/uploads\/lady-pointing-at-laptop-screen-PE2E4HQ-1-18x12.jpg 18w\" sizes=\"(max-width: 1382px) 100vw, 1382px\" \/>\t\t\t\t\t\t\t\t\t\t\t\t\t\t\t<\/div>\n\t\t\t\t<\/div>\n\t\t\t\t\t<\/div>\n\t\t<\/div>\n\t\t\t\t<div class=\"elementor-column elementor-col-50 elementor-top-column elementor-element elementor-element-f797c1c\" data-id=\"f797c1c\" data-element_type=\"column\" data-e-type=\"column\">\n\t\t\t<div class=\"elementor-widget-wrap elementor-element-populated\">\n\t\t\t\t\t\t<div class=\"elementor-element elementor-element-2f510573 animated-slow elementor-invisible elementor-widget elementor-widget-heading\" data-id=\"2f510573\" data-element_type=\"widget\" data-e-type=\"widget\" data-settings=\"{&quot;_animation&quot;:&quot;fadeInDown&quot;}\" data-widget_type=\"heading.default\">\n\t\t\t\t<div class=\"elementor-widget-container\">\n\t\t\t\t\t<h2 class=\"elementor-heading-title elementor-size-default\">Functions <\/h2>\t\t\t\t<\/div>\n\t\t\t\t<\/div>\n\t\t\t\t<div class=\"elementor-element elementor-element-51fd83a7 elementor-invisible elementor-widget elementor-widget-text-editor\" data-id=\"51fd83a7\" data-element_type=\"widget\" data-e-type=\"widget\" data-settings=\"{&quot;_animation&quot;:&quot;fadeInDown&quot;}\" data-widget_type=\"text-editor.default\">\n\t\t\t\t<div class=\"elementor-widget-container\">\n\t\t\t\t\t\t\t\t\t<p>All functions that a shared mailbox in SEFOS offers are of course also available for messages created through automated mailings:<\/p>\t\t\t\t\t\t\t\t<\/div>\n\t\t\t\t<\/div>\n\t\t\t\t<div class=\"elementor-element elementor-element-1039bc5d elementor-invisible elementor-widget elementor-widget-text-editor\" data-id=\"1039bc5d\" data-element_type=\"widget\" data-e-type=\"widget\" data-settings=\"{&quot;_animation&quot;:&quot;fadeInDown&quot;}\" data-widget_type=\"text-editor.default\">\n\t\t\t\t<div class=\"elementor-widget-container\">\n\t\t\t\t\t\t\t\t\t<ul><li>Reading receipt<\/li><\/ul>\t\t\t\t\t\t\t\t<\/div>\n\t\t\t\t<\/div>\n\t\t\t\t<div class=\"elementor-element elementor-element-29312d9b elementor-invisible elementor-widget elementor-widget-text-editor\" data-id=\"29312d9b\" data-element_type=\"widget\" data-e-type=\"widget\" data-settings=\"{&quot;_animation&quot;:&quot;fadeInDown&quot;}\" data-widget_type=\"text-editor.default\">\n\t\t\t\t<div class=\"elementor-widget-container\">\n\t\t\t\t\t\t\t\t\t<ul><li>Issue Management<\/li><\/ul>\t\t\t\t\t\t\t\t<\/div>\n\t\t\t\t<\/div>\n\t\t\t\t<div class=\"elementor-element elementor-element-531ffc88 elementor-invisible elementor-widget elementor-widget-text-editor\" data-id=\"531ffc88\" data-element_type=\"widget\" data-e-type=\"widget\" data-settings=\"{&quot;_animation&quot;:&quot;fadeInDown&quot;}\" data-widget_type=\"text-editor.default\">\n\t\t\t\t<div class=\"elementor-widget-container\">\n\t\t\t\t\t\t\t\t\t<ul><li>Event Log<\/li><\/ul>\t\t\t\t\t\t\t\t<\/div>\n\t\t\t\t<\/div>\n\t\t\t\t<div class=\"elementor-element elementor-element-51d036f7 elementor-invisible elementor-widget elementor-widget-text-editor\" data-id=\"51d036f7\" data-element_type=\"widget\" data-e-type=\"widget\" data-settings=\"{&quot;_animation&quot;:&quot;fadeInDown&quot;}\" data-widget_type=\"text-editor.default\">\n\t\t\t\t<div class=\"elementor-widget-container\">\n\t\t\t\t\t\t\t\t\t<ul><li>Only receives responds from sent messages or messages from other registered users<\/li><\/ul>\t\t\t\t\t\t\t\t<\/div>\n\t\t\t\t<\/div>\n\t\t\t\t<div class=\"elementor-element elementor-element-4b2b4c7b elementor-invisible elementor-widget elementor-widget-text-editor\" data-id=\"4b2b4c7b\" data-element_type=\"widget\" data-e-type=\"widget\" data-settings=\"{&quot;_animation&quot;:&quot;fadeInDown&quot;}\" data-widget_type=\"text-editor.default\">\n\t\t\t\t<div class=\"elementor-widget-container\">\n\t\t\t\t\t\t\t\t\t<ul><li>Opportunity to send confidential information and sensitive personal information<\/li><\/ul>\t\t\t\t\t\t\t\t<\/div>\n\t\t\t\t<\/div>\n\t\t\t\t\t<\/div>\n\t\t<\/div>\n\t\t\t\t\t<\/div>\n\t\t<\/section>\n\t\t\t\t<\/div>","protected":false},"excerpt":{"rendered":"<p>SEFOS Automatiserade Utskick Skapar m\u00f6jligheten att programmatiskt skapa en dialog med mottagare identifierade med stark autentisering som t.ex SITHS och Svensk e-legitimation, genom att anv\u00e4nda SEFOS APIer. SEFOS rest API SEFOS erbjuder ett rest API som ger andra system m\u00f6jligheten att skicka iv\u00e4g automatiserade meddelanden via SEFOS med hj\u00e4lp av en funktionsbrevl\u00e5da. Detta inneb\u00e4r att [&hellip;]<\/p>","protected":false},"author":5,"featured_media":0,"parent":0,"menu_order":0,"comment_status":"closed","ping_status":"closed","template":"elementor_header_footer","meta":{"_monsterinsights_skip_tracking":false,"_monsterinsights_sitenote_active":false,"_monsterinsights_sitenote_note":"","_monsterinsights_sitenote_category":0,"_uf_show_specific_survey":0,"_uf_disable_surveys":false,"footnotes":""},"class_list":["post-3305","page","type-page","status-publish","hentry"],"aioseo_notices":[],"yoast_head":"<!-- This site is optimized with the Yoast SEO plugin v26.0 - https:\/\/yoast.com\/wordpress\/plugins\/seo\/ -->\n<title>Automatiserade Utskick - Meaplus<\/title>\n<meta name=\"robots\" content=\"index, follow, max-snippet:-1, max-image-preview:large, max-video-preview:-1\" \/>\n<link rel=\"canonical\" href=\"https:\/\/www.meaplus.com\/en\/automatiserade-utskick\/\" \/>\n<meta property=\"og:locale\" content=\"en_GB\" \/>\n<meta property=\"og:type\" content=\"article\" \/>\n<meta property=\"og:title\" content=\"Automatiserade Utskick - Meaplus\" \/>\n<meta property=\"og:description\" content=\"SEFOS Automatiserade Utskick Skapar m\u00f6jligheten att programmatiskt skapa en dialog med mottagare identifierade med stark autentisering som t.ex SITHS och Svensk e-legitimation, genom att anv\u00e4nda SEFOS APIer. SEFOS rest API SEFOS erbjuder ett rest API som ger andra system m\u00f6jligheten att skicka iv\u00e4g automatiserade meddelanden via SEFOS med hj\u00e4lp av en funktionsbrevl\u00e5da. Detta inneb\u00e4r att [&hellip;]\" \/>\n<meta property=\"og:url\" content=\"https:\/\/www.meaplus.com\/en\/automatiserade-utskick\/\" \/>\n<meta property=\"og:site_name\" content=\"Meaplus\" \/>\n<meta property=\"article:publisher\" content=\"https:\/\/www.facebook.com\/MeaplusSweden\/?epa=SEARCH_BOX\" \/>\n<meta property=\"article:modified_time\" content=\"2024-11-29T08:58:38+00:00\" \/>\n<meta property=\"og:image\" content=\"https:\/\/www.meaplus.com\/wp-content\/uploads\/rest-api-img.jpg\" \/>\n<meta name=\"twitter:card\" content=\"summary_large_image\" \/>\n<meta name=\"twitter:label1\" content=\"Estimated reading time\" \/>\n\t<meta name=\"twitter:data1\" content=\"2 minutes\" \/>\n<script type=\"application\/ld+json\" class=\"yoast-schema-graph\">{\"@context\":\"https:\/\/schema.org\",\"@graph\":[{\"@type\":\"WebPage\",\"@id\":\"https:\/\/www.meaplus.com\/automatiserade-utskick\/\",\"url\":\"https:\/\/www.meaplus.com\/automatiserade-utskick\/\",\"name\":\"Automatiserade Utskick - Meaplus\",\"isPartOf\":{\"@id\":\"https:\/\/www.meaplus.com\/#website\"},\"primaryImageOfPage\":{\"@id\":\"https:\/\/www.meaplus.com\/automatiserade-utskick\/#primaryimage\"},\"image\":{\"@id\":\"https:\/\/www.meaplus.com\/automatiserade-utskick\/#primaryimage\"},\"thumbnailUrl\":\"https:\/\/www.meaplus.com\/wp-content\/uploads\/rest-api-img.jpg\",\"datePublished\":\"2021-11-18T09:08:41+00:00\",\"dateModified\":\"2024-11-29T08:58:38+00:00\",\"breadcrumb\":{\"@id\":\"https:\/\/www.meaplus.com\/automatiserade-utskick\/#breadcrumb\"},\"inLanguage\":\"en-GB\",\"potentialAction\":[{\"@type\":\"ReadAction\",\"target\":[\"https:\/\/www.meaplus.com\/automatiserade-utskick\/\"]}]},{\"@type\":\"ImageObject\",\"inLanguage\":\"en-GB\",\"@id\":\"https:\/\/www.meaplus.com\/automatiserade-utskick\/#primaryimage\",\"url\":\"https:\/\/www.meaplus.com\/wp-content\/uploads\/rest-api-img.jpg\",\"contentUrl\":\"https:\/\/www.meaplus.com\/wp-content\/uploads\/rest-api-img.jpg\"},{\"@type\":\"BreadcrumbList\",\"@id\":\"https:\/\/www.meaplus.com\/automatiserade-utskick\/#breadcrumb\",\"itemListElement\":[{\"@type\":\"ListItem\",\"position\":1,\"name\":\"Home\",\"item\":\"https:\/\/www.meaplus.com\/\"},{\"@type\":\"ListItem\",\"position\":2,\"name\":\"Automatiserade Utskick\"}]},{\"@type\":\"WebSite\",\"@id\":\"https:\/\/www.meaplus.com\/#website\",\"url\":\"https:\/\/www.meaplus.com\/\",\"name\":\"Meaplus\",\"description\":\"\",\"publisher\":{\"@id\":\"https:\/\/www.meaplus.com\/#organization\"},\"potentialAction\":[{\"@type\":\"SearchAction\",\"target\":{\"@type\":\"EntryPoint\",\"urlTemplate\":\"https:\/\/www.meaplus.com\/?s={search_term_string}\"},\"query-input\":{\"@type\":\"PropertyValueSpecification\",\"valueRequired\":true,\"valueName\":\"search_term_string\"}}],\"inLanguage\":\"en-GB\"},{\"@type\":\"Organization\",\"@id\":\"https:\/\/www.meaplus.com\/#organization\",\"name\":\"Meaplus\",\"url\":\"https:\/\/www.meaplus.com\/\",\"logo\":{\"@type\":\"ImageObject\",\"inLanguage\":\"en-GB\",\"@id\":\"https:\/\/www.meaplus.com\/#\/schema\/logo\/image\/\",\"url\":\"https:\/\/www.meaplus.com\/wp-content\/uploads\/2020\/02\/meaplus-logo-small.png\",\"contentUrl\":\"https:\/\/www.meaplus.com\/wp-content\/uploads\/2020\/02\/meaplus-logo-small.png\",\"width\":153,\"height\":53,\"caption\":\"Meaplus\"},\"image\":{\"@id\":\"https:\/\/www.meaplus.com\/#\/schema\/logo\/image\/\"},\"sameAs\":[\"https:\/\/www.facebook.com\/MeaplusSweden\/?epa=SEARCH_BOX\",\"https:\/\/www.linkedin.com\/company\/18883230\/admin\/\"]}]}<\/script>\n<!-- \/ Yoast SEO plugin. -->","yoast_head_json":{"title":"Automatiserade Utskick - Meaplus","robots":{"index":"index","follow":"follow","max-snippet":"max-snippet:-1","max-image-preview":"max-image-preview:large","max-video-preview":"max-video-preview:-1"},"canonical":"https:\/\/www.meaplus.com\/en\/automatiserade-utskick\/","og_locale":"en_GB","og_type":"article","og_title":"Automatiserade Utskick - Meaplus","og_description":"SEFOS Automatiserade Utskick Skapar m\u00f6jligheten att programmatiskt skapa en dialog med mottagare identifierade med stark autentisering som t.ex SITHS och Svensk e-legitimation, genom att anv\u00e4nda SEFOS APIer. SEFOS rest API SEFOS erbjuder ett rest API som ger andra system m\u00f6jligheten att skicka iv\u00e4g automatiserade meddelanden via SEFOS med hj\u00e4lp av en funktionsbrevl\u00e5da. Detta inneb\u00e4r att [&hellip;]","og_url":"https:\/\/www.meaplus.com\/en\/automatiserade-utskick\/","og_site_name":"Meaplus","article_publisher":"https:\/\/www.facebook.com\/MeaplusSweden\/?epa=SEARCH_BOX","article_modified_time":"2024-11-29T08:58:38+00:00","og_image":[{"url":"https:\/\/www.meaplus.com\/wp-content\/uploads\/rest-api-img.jpg","type":"","width":"","height":""}],"twitter_card":"summary_large_image","twitter_misc":{"Estimated reading time":"2 minutes"},"schema":{"@context":"https:\/\/schema.org","@graph":[{"@type":"WebPage","@id":"https:\/\/www.meaplus.com\/automatiserade-utskick\/","url":"https:\/\/www.meaplus.com\/automatiserade-utskick\/","name":"Automatiserade Utskick - Meaplus","isPartOf":{"@id":"https:\/\/www.meaplus.com\/#website"},"primaryImageOfPage":{"@id":"https:\/\/www.meaplus.com\/automatiserade-utskick\/#primaryimage"},"image":{"@id":"https:\/\/www.meaplus.com\/automatiserade-utskick\/#primaryimage"},"thumbnailUrl":"https:\/\/www.meaplus.com\/wp-content\/uploads\/rest-api-img.jpg","datePublished":"2021-11-18T09:08:41+00:00","dateModified":"2024-11-29T08:58:38+00:00","breadcrumb":{"@id":"https:\/\/www.meaplus.com\/automatiserade-utskick\/#breadcrumb"},"inLanguage":"en-GB","potentialAction":[{"@type":"ReadAction","target":["https:\/\/www.meaplus.com\/automatiserade-utskick\/"]}]},{"@type":"ImageObject","inLanguage":"en-GB","@id":"https:\/\/www.meaplus.com\/automatiserade-utskick\/#primaryimage","url":"https:\/\/www.meaplus.com\/wp-content\/uploads\/rest-api-img.jpg","contentUrl":"https:\/\/www.meaplus.com\/wp-content\/uploads\/rest-api-img.jpg"},{"@type":"BreadcrumbList","@id":"https:\/\/www.meaplus.com\/automatiserade-utskick\/#breadcrumb","itemListElement":[{"@type":"ListItem","position":1,"name":"Home","item":"https:\/\/www.meaplus.com\/"},{"@type":"ListItem","position":2,"name":"Automatiserade Utskick"}]},{"@type":"WebSite","@id":"https:\/\/www.meaplus.com\/#website","url":"https:\/\/www.meaplus.com\/","name":"Meaplus","description":"","publisher":{"@id":"https:\/\/www.meaplus.com\/#organization"},"potentialAction":[{"@type":"SearchAction","target":{"@type":"EntryPoint","urlTemplate":"https:\/\/www.meaplus.com\/?s={search_term_string}"},"query-input":{"@type":"PropertyValueSpecification","valueRequired":true,"valueName":"search_term_string"}}],"inLanguage":"en-GB"},{"@type":"Organization","@id":"https:\/\/www.meaplus.com\/#organization","name":"Meaplus","url":"https:\/\/www.meaplus.com\/","logo":{"@type":"ImageObject","inLanguage":"en-GB","@id":"https:\/\/www.meaplus.com\/#\/schema\/logo\/image\/","url":"https:\/\/www.meaplus.com\/wp-content\/uploads\/2020\/02\/meaplus-logo-small.png","contentUrl":"https:\/\/www.meaplus.com\/wp-content\/uploads\/2020\/02\/meaplus-logo-small.png","width":153,"height":53,"caption":"Meaplus"},"image":{"@id":"https:\/\/www.meaplus.com\/#\/schema\/logo\/image\/"},"sameAs":["https:\/\/www.facebook.com\/MeaplusSweden\/?epa=SEARCH_BOX","https:\/\/www.linkedin.com\/company\/18883230\/admin\/"]}]}},"_links":{"self":[{"href":"https:\/\/www.meaplus.com\/en\/wp-json\/wp\/v2\/pages\/3305","targetHints":{"allow":["GET"]}}],"collection":[{"href":"https:\/\/www.meaplus.com\/en\/wp-json\/wp\/v2\/pages"}],"about":[{"href":"https:\/\/www.meaplus.com\/en\/wp-json\/wp\/v2\/types\/page"}],"author":[{"embeddable":true,"href":"https:\/\/www.meaplus.com\/en\/wp-json\/wp\/v2\/users\/5"}],"replies":[{"embeddable":true,"href":"https:\/\/www.meaplus.com\/en\/wp-json\/wp\/v2\/comments?post=3305"}],"version-history":[{"count":19,"href":"https:\/\/www.meaplus.com\/en\/wp-json\/wp\/v2\/pages\/3305\/revisions"}],"predecessor-version":[{"id":8405,"href":"https:\/\/www.meaplus.com\/en\/wp-json\/wp\/v2\/pages\/3305\/revisions\/8405"}],"wp:attachment":[{"href":"https:\/\/www.meaplus.com\/en\/wp-json\/wp\/v2\/media?parent=3305"}],"curies":[{"name":"wp","href":"https:\/\/api.w.org\/{rel}","templated":true}]}}