{"id":347,"date":"2020-02-19T09:51:47","date_gmt":"2020-02-19T09:51:47","guid":{"rendered":"https:\/\/new2.meaplus.com\/?page_id=347"},"modified":"2024-11-28T15:28:53","modified_gmt":"2024-11-28T15:28:53","slug":"lediga-jobb","status":"publish","type":"page","link":"https:\/\/www.meaplus.com\/en\/lediga-jobb\/","title":{"rendered":"Career"},"content":{"rendered":"<div data-elementor-type=\"wp-page\" data-elementor-id=\"347\" class=\"elementor elementor-347\" data-elementor-post-type=\"page\">\n\t\t\t\t\t\t<section class=\"elementor-section elementor-top-section elementor-element elementor-element-76e74e12 elementor-section-content-middle elementor-section-boxed elementor-section-height-default elementor-section-height-default\" data-id=\"76e74e12\" data-element_type=\"section\" data-e-type=\"section\" data-settings=\"{&quot;background_background&quot;:&quot;classic&quot;}\">\n\t\t\t\t\t\t\t<div class=\"elementor-background-overlay\"><\/div>\n\t\t\t\t\t\t\t<div class=\"elementor-container elementor-column-gap-no\">\n\t\t\t\t\t<div class=\"elementor-column elementor-col-50 elementor-top-column elementor-element elementor-element-f00c519\" data-id=\"f00c519\" data-element_type=\"column\" data-e-type=\"column\">\n\t\t\t<div class=\"elementor-widget-wrap elementor-element-populated\">\n\t\t\t\t\t\t<div class=\"elementor-element elementor-element-f84d841 elementor-widget__width-auto elementor-widget elementor-widget-heading\" data-id=\"f84d841\" data-element_type=\"widget\" data-e-type=\"widget\" data-widget_type=\"heading.default\">\n\t\t\t\t<div class=\"elementor-widget-container\">\n\t\t\t\t\t<p class=\"elementor-heading-title elementor-size-default\">AVAILABLE SERVICES<\/p>\t\t\t\t<\/div>\n\t\t\t\t<\/div>\n\t\t\t\t<div class=\"elementor-element elementor-element-6af659dd elementor-widget elementor-widget-heading\" data-id=\"6af659dd\" data-element_type=\"widget\" data-e-type=\"widget\" data-widget_type=\"heading.default\">\n\t\t\t\t<div class=\"elementor-widget-container\">\n\t\t\t\t\t<h1 class=\"elementor-heading-title elementor-size-default\">Are you the one we are looking for?<\/h1>\t\t\t\t<\/div>\n\t\t\t\t<\/div>\n\t\t\t\t<div class=\"elementor-element elementor-element-254193e elementor-widget elementor-widget-text-editor\" data-id=\"254193e\" data-element_type=\"widget\" data-e-type=\"widget\" data-widget_type=\"text-editor.default\">\n\t\t\t\t<div class=\"elementor-widget-container\">\n\t\t\t\t\t\t\t\t\t<p>We are facing new interesting opportunities both within Sweden and internationally, and therefore need to expand our team further. Take the chance to join a company that is facing a very exciting future!<\/p><p><strong>We currently have no positions available.<\/strong><\/p>\t\t\t\t\t\t\t\t<\/div>\n\t\t\t\t<\/div>\n\t\t\t\t\t<\/div>\n\t\t<\/div>\n\t\t\t\t<div class=\"elementor-column elementor-col-50 elementor-top-column elementor-element elementor-element-35646dda\" data-id=\"35646dda\" data-element_type=\"column\" data-e-type=\"column\">\n\t\t\t<div class=\"elementor-widget-wrap elementor-element-populated\">\n\t\t\t\t\t\t<div class=\"elementor-element elementor-element-3ccf1a1b elementor-widget__width-auto elementor-absolute animated-slow elementor-hidden-mobile elementor-view-default elementor-invisible elementor-widget elementor-widget-icon\" data-id=\"3ccf1a1b\" data-element_type=\"widget\" data-e-type=\"widget\" data-settings=\"{&quot;_position&quot;:&quot;absolute&quot;,&quot;_animation&quot;:&quot;fadeIn&quot;,&quot;_animation_delay&quot;:400,&quot;motion_fx_motion_fx_scrolling&quot;:&quot;yes&quot;,&quot;motion_fx_translateX_effect&quot;:&quot;yes&quot;,&quot;motion_fx_translateX_speed&quot;:{&quot;unit&quot;:&quot;px&quot;,&quot;size&quot;:1,&quot;sizes&quot;:[]},&quot;motion_fx_translateX_affectedRange&quot;:{&quot;unit&quot;:&quot;%&quot;,&quot;size&quot;:&quot;&quot;,&quot;sizes&quot;:{&quot;start&quot;:65,&quot;end&quot;:100}},&quot;motion_fx_devices&quot;:[&quot;desktop&quot;,&quot;tablet&quot;,&quot;mobile&quot;]}\" data-widget_type=\"icon.default\">\n\t\t\t\t<div class=\"elementor-widget-container\">\n\t\t\t\t\t\t\t<div class=\"elementor-icon-wrapper\">\n\t\t\t<div class=\"elementor-icon\">\n\t\t\t<svg xmlns=\"http:\/\/www.w3.org\/2000\/svg\" id=\"afb6f239-ddfa-4317-a8c2-6e12c8554240\" data-name=\"Layer 1\" width=\"165.953\" height=\"115.814\" viewbox=\"0 0 165.953 115.814\"><circle cx=\"1.5\" cy=\"1.5\" r=\"1.5\"><\/circle><circle cx=\"1.5\" cy=\"14.0352\" r=\"1.5\"><\/circle><circle cx=\"1.5\" cy=\"26.5684\" r=\"1.5\"><\/circle><circle cx=\"1.5\" cy=\"39.1035\" r=\"1.5\"><\/circle><circle cx=\"1.5\" cy=\"51.6406\" r=\"1.5\"><\/circle><circle cx=\"1.5\" cy=\"64.1758\" r=\"1.5\"><\/circle><circle cx=\"1.5\" cy=\"76.709\" r=\"1.5\"><\/circle><circle cx=\"1.5\" cy=\"89.2441\" r=\"1.5\"><\/circle><circle cx=\"1.5\" cy=\"101.779\" r=\"1.5\"><\/circle><circle cx=\"1.5\" cy=\"114.314\" r=\"1.5\"><\/circle><circle cx=\"14.0312\" cy=\"1.5\" r=\"1.5\"><\/circle><circle cx=\"14.0312\" cy=\"14.0352\" r=\"1.5\"><\/circle><circle cx=\"14.0312\" cy=\"26.5684\" r=\"1.5\"><\/circle><circle cx=\"14.0312\" cy=\"39.1035\" r=\"1.5\"><\/circle><circle cx=\"14.0312\" cy=\"51.6406\" r=\"1.5\"><\/circle><circle cx=\"14.0312\" cy=\"64.1758\" r=\"1.5\"><\/circle><circle cx=\"14.0312\" cy=\"76.709\" r=\"1.5\"><\/circle><circle cx=\"14.0312\" cy=\"89.2441\" r=\"1.5\"><\/circle><circle cx=\"14.0312\" cy=\"101.779\" r=\"1.5\"><\/circle><circle cx=\"14.0312\" cy=\"114.314\" r=\"1.5\"><\/circle><circle cx=\"26.5664\" cy=\"1.5\" r=\"1.5\"><\/circle><circle cx=\"26.5664\" cy=\"14.0352\" r=\"1.5\"><\/circle><circle cx=\"26.5664\" cy=\"26.5684\" r=\"1.5\"><\/circle><circle cx=\"26.5664\" cy=\"39.1035\" r=\"1.5\"><\/circle><circle cx=\"26.5664\" cy=\"51.6406\" r=\"1.5\"><\/circle><circle cx=\"26.5664\" cy=\"64.1758\" r=\"1.5\"><\/circle><circle cx=\"26.5664\" cy=\"76.709\" r=\"1.5\"><\/circle><circle cx=\"26.5664\" cy=\"89.2441\" r=\"1.5\"><\/circle><circle cx=\"26.5664\" cy=\"101.779\" r=\"1.5\"><\/circle><circle cx=\"26.5664\" cy=\"114.314\" r=\"1.5\"><\/circle><circle cx=\"39.1016\" cy=\"1.5\" r=\"1.5\"><\/circle><circle cx=\"39.1016\" cy=\"14.0352\" r=\"1.5\"><\/circle><circle cx=\"39.1016\" cy=\"26.5684\" r=\"1.5\"><\/circle><circle cx=\"39.1016\" cy=\"39.1035\" r=\"1.5\"><\/circle><circle cx=\"39.1016\" cy=\"51.6406\" r=\"1.5\"><\/circle><circle cx=\"39.1016\" cy=\"64.1758\" r=\"1.5\"><\/circle><circle cx=\"39.1016\" cy=\"76.709\" r=\"1.5\"><\/circle><circle cx=\"39.1016\" cy=\"89.2441\" r=\"1.5\"><\/circle><circle cx=\"39.1016\" cy=\"101.779\" r=\"1.5\"><\/circle><circle cx=\"39.1016\" cy=\"114.314\" r=\"1.5\"><\/circle><circle cx=\"51.6367\" cy=\"1.5\" r=\"1.5\"><\/circle><circle cx=\"51.6367\" cy=\"14.0352\" r=\"1.5\"><\/circle><circle cx=\"51.6367\" cy=\"26.5684\" r=\"1.5\"><\/circle><circle cx=\"51.6367\" cy=\"39.1035\" r=\"1.5\"><\/circle><circle cx=\"51.6367\" cy=\"51.6406\" r=\"1.5\"><\/circle><circle cx=\"51.6367\" cy=\"64.1758\" r=\"1.5\"><\/circle><circle cx=\"51.6367\" cy=\"76.709\" r=\"1.5\"><\/circle><circle cx=\"51.6367\" cy=\"89.2441\" r=\"1.5\"><\/circle><circle cx=\"51.6367\" cy=\"101.779\" r=\"1.5\"><\/circle><circle cx=\"51.6367\" cy=\"114.314\" r=\"1.5\"><\/circle><circle cx=\"64.1719\" cy=\"1.5\" r=\"1.5\"><\/circle><circle cx=\"64.1719\" cy=\"14.0352\" r=\"1.5\"><\/circle><circle cx=\"64.1719\" cy=\"26.5684\" r=\"1.5\"><\/circle><circle cx=\"64.1719\" cy=\"39.1035\" r=\"1.5\"><\/circle><circle cx=\"64.1719\" cy=\"51.6406\" r=\"1.5\"><\/circle><circle cx=\"64.1719\" cy=\"64.1758\" r=\"1.5\"><\/circle><circle cx=\"64.1719\" cy=\"76.709\" r=\"1.5\"><\/circle><circle cx=\"64.1719\" cy=\"89.2441\" r=\"1.5\"><\/circle><circle cx=\"64.1719\" cy=\"101.779\" r=\"1.5\"><\/circle><circle cx=\"64.1719\" cy=\"114.314\" r=\"1.5\"><\/circle><circle cx=\"76.707\" cy=\"1.5\" r=\"1.5\"><\/circle><circle cx=\"76.707\" cy=\"14.0352\" r=\"1.5\"><\/circle><circle cx=\"76.707\" cy=\"26.5684\" r=\"1.5\"><\/circle><circle cx=\"76.707\" cy=\"39.1035\" r=\"1.5\"><\/circle><circle cx=\"76.707\" cy=\"51.6406\" r=\"1.5\"><\/circle><circle cx=\"76.707\" cy=\"64.1758\" r=\"1.5\"><\/circle><circle cx=\"76.707\" cy=\"76.709\" r=\"1.5\"><\/circle><circle cx=\"76.707\" cy=\"89.2441\" r=\"1.5\"><\/circle><circle cx=\"76.707\" cy=\"101.779\" r=\"1.5\"><\/circle><circle cx=\"76.707\" cy=\"114.314\" r=\"1.5\"><\/circle><circle cx=\"89.2461\" cy=\"1.5\" r=\"1.5\"><\/circle><circle cx=\"89.2461\" cy=\"14.0352\" r=\"1.5\"><\/circle><circle cx=\"89.2461\" cy=\"26.5684\" r=\"1.5\"><\/circle><circle cx=\"89.2461\" cy=\"39.1035\" r=\"1.5\"><\/circle><circle cx=\"89.2461\" cy=\"51.6406\" r=\"1.5\"><\/circle><circle cx=\"89.2461\" cy=\"64.1758\" r=\"1.5\"><\/circle><circle cx=\"89.2461\" cy=\"76.709\" r=\"1.5\"><\/circle><circle cx=\"89.2461\" cy=\"89.2441\" r=\"1.5\"><\/circle><circle cx=\"89.2461\" cy=\"101.779\" r=\"1.5\"><\/circle><circle cx=\"89.2461\" cy=\"114.314\" r=\"1.5\"><\/circle><circle cx=\"101.777\" cy=\"1.5\" r=\"1.5\"><\/circle><circle cx=\"101.777\" cy=\"14.0352\" r=\"1.5\"><\/circle><circle cx=\"101.777\" cy=\"26.5684\" r=\"1.5\"><\/circle><circle cx=\"101.777\" cy=\"39.1035\" r=\"1.5\"><\/circle><circle cx=\"101.777\" cy=\"51.6406\" r=\"1.5\"><\/circle><circle cx=\"101.777\" cy=\"64.1758\" r=\"1.5\"><\/circle><circle cx=\"101.777\" cy=\"76.709\" r=\"1.5\"><\/circle><circle cx=\"101.777\" cy=\"89.2441\" r=\"1.5\"><\/circle><circle cx=\"101.777\" cy=\"101.779\" r=\"1.5\"><\/circle><circle cx=\"101.777\" cy=\"114.314\" r=\"1.5\"><\/circle><circle cx=\"114.312\" cy=\"1.5\" r=\"1.5\"><\/circle><circle cx=\"114.312\" cy=\"14.0352\" r=\"1.5\"><\/circle><circle cx=\"114.312\" cy=\"26.5684\" r=\"1.5\"><\/circle><circle cx=\"114.312\" cy=\"39.1035\" r=\"1.5\"><\/circle><circle cx=\"114.312\" cy=\"51.6406\" r=\"1.5\"><\/circle><circle cx=\"114.312\" cy=\"64.1758\" r=\"1.5\"><\/circle><circle cx=\"114.312\" cy=\"76.709\" r=\"1.5\"><\/circle><circle cx=\"114.312\" cy=\"89.2441\" r=\"1.5\"><\/circle><circle cx=\"114.312\" cy=\"101.779\" r=\"1.5\"><\/circle><circle cx=\"114.312\" cy=\"114.314\" r=\"1.5\"><\/circle><circle cx=\"126.848\" cy=\"1.5\" r=\"1.5\"><\/circle><circle cx=\"126.848\" cy=\"14.0352\" r=\"1.5\"><\/circle><circle cx=\"126.848\" cy=\"26.5684\" r=\"1.5\"><\/circle><circle cx=\"126.848\" cy=\"39.1035\" r=\"1.5\"><\/circle><circle cx=\"126.848\" cy=\"51.6406\" r=\"1.5\"><\/circle><circle cx=\"126.848\" cy=\"64.1758\" r=\"1.5\"><\/circle><circle cx=\"126.848\" cy=\"76.709\" r=\"1.5\"><\/circle><circle cx=\"126.848\" cy=\"89.2441\" r=\"1.5\"><\/circle><circle cx=\"126.848\" cy=\"101.779\" r=\"1.5\"><\/circle><circle cx=\"126.848\" cy=\"114.314\" r=\"1.5\"><\/circle><circle cx=\"139.383\" cy=\"1.5\" r=\"1.5\"><\/circle><circle cx=\"139.383\" cy=\"14.0352\" r=\"1.5\"><\/circle><circle cx=\"139.383\" cy=\"26.5684\" r=\"1.5\"><\/circle><circle cx=\"139.383\" cy=\"39.1035\" r=\"1.5\"><\/circle><circle cx=\"139.383\" cy=\"51.6406\" r=\"1.5\"><\/circle><circle cx=\"139.383\" cy=\"64.1758\" r=\"1.5\"><\/circle><circle cx=\"139.383\" cy=\"76.709\" r=\"1.5\"><\/circle><circle cx=\"139.383\" cy=\"89.2441\" r=\"1.5\"><\/circle><circle cx=\"139.383\" cy=\"101.779\" r=\"1.5\"><\/circle><circle cx=\"139.383\" cy=\"114.314\" r=\"1.5\"><\/circle><circle cx=\"151.918\" cy=\"1.5\" r=\"1.5\"><\/circle><circle cx=\"151.918\" cy=\"14.0352\" r=\"1.5\"><\/circle><circle cx=\"151.918\" cy=\"26.5684\" r=\"1.5\"><\/circle><circle cx=\"151.918\" cy=\"39.1035\" r=\"1.5\"><\/circle><circle cx=\"151.918\" cy=\"51.6406\" r=\"1.5\"><\/circle><circle cx=\"151.918\" cy=\"64.1758\" r=\"1.5\"><\/circle><circle cx=\"151.918\" cy=\"76.709\" r=\"1.5\"><\/circle><circle cx=\"151.918\" cy=\"89.2441\" r=\"1.5\"><\/circle><circle cx=\"151.918\" cy=\"101.779\" r=\"1.5\"><\/circle><circle cx=\"151.918\" cy=\"114.314\" r=\"1.5\"><\/circle><circle cx=\"164.453\" cy=\"1.5\" r=\"1.5\"><\/circle><circle cx=\"164.453\" cy=\"14.0352\" r=\"1.5\"><\/circle><circle cx=\"164.453\" cy=\"26.5684\" r=\"1.5\"><\/circle><circle cx=\"164.453\" cy=\"39.1035\" r=\"1.5\"><\/circle><circle cx=\"164.453\" cy=\"51.6406\" r=\"1.5\"><\/circle><circle cx=\"164.453\" cy=\"64.1758\" r=\"1.5\"><\/circle><circle cx=\"164.453\" cy=\"76.709\" r=\"1.5\"><\/circle><circle cx=\"164.453\" cy=\"89.2441\" r=\"1.5\"><\/circle><circle cx=\"164.453\" cy=\"101.779\" r=\"1.5\"><\/circle><circle cx=\"164.453\" cy=\"114.314\" r=\"1.5\"><\/circle><\/svg>\t\t\t<\/div>\n\t\t<\/div>\n\t\t\t\t\t\t<\/div>\n\t\t\t\t<\/div>\n\t\t\t\t\t<\/div>\n\t\t<\/div>\n\t\t\t\t\t<\/div>\n\t\t<\/section>\n\t\t\t\t<section class=\"elementor-section elementor-top-section elementor-element elementor-element-2f4d571c elementor-hidden-desktop elementor-hidden-tablet elementor-hidden-mobile elementor-section-boxed elementor-section-height-default elementor-section-height-default\" data-id=\"2f4d571c\" data-element_type=\"section\" data-e-type=\"section\" data-settings=\"{&quot;background_background&quot;:&quot;classic&quot;}\">\n\t\t\t\t\t\t<div class=\"elementor-container elementor-column-gap-no\">\n\t\t\t\t\t<div class=\"elementor-column elementor-col-100 elementor-top-column elementor-element elementor-element-6e932c51\" data-id=\"6e932c51\" data-element_type=\"column\" data-e-type=\"column\">\n\t\t\t<div class=\"elementor-widget-wrap elementor-element-populated\">\n\t\t\t\t\t\t<section class=\"elementor-section elementor-inner-section elementor-element elementor-element-2eb1fc1b elementor-section-boxed elementor-section-height-default elementor-section-height-default elementor-invisible\" data-id=\"2eb1fc1b\" data-element_type=\"section\" data-e-type=\"section\" data-settings=\"{&quot;animation&quot;:&quot;slideInUp&quot;}\">\n\t\t\t\t\t\t<div class=\"elementor-container elementor-column-gap-wide\">\n\t\t\t\t\t<div class=\"elementor-column elementor-col-33 elementor-inner-column elementor-element elementor-element-68b51109 animated-slow elementor-invisible\" data-id=\"68b51109\" data-element_type=\"column\" data-e-type=\"column\" data-settings=\"{&quot;animation&quot;:&quot;zoomIn&quot;}\">\n\t\t\t<div class=\"elementor-widget-wrap elementor-element-populated\">\n\t\t\t\t\t\t<div class=\"elementor-element elementor-element-5ee24993 elementor-cta--skin-cover elementor-cta--valign-bottom elementor-bg-transform elementor-bg-transform-zoom-out animated-slow elementor-widget elementor-widget-call-to-action\" data-id=\"5ee24993\" data-element_type=\"widget\" data-e-type=\"widget\" data-settings=\"{&quot;_animation&quot;:&quot;none&quot;,&quot;_animation_delay&quot;:200}\" data-widget_type=\"call-to-action.default\">\n\t\t\t\t<div class=\"elementor-widget-container\">\n\t\t\t\t\t\t\t<a class=\"elementor-cta\" href=\"https:\/\/www.meaplus.com\/en\/lediga-jobb\/forsaljningsansvarig\/\">\n\t\t\t\t\t<div class=\"elementor-cta__bg-wrapper\">\n\t\t\t\t<div class=\"elementor-cta__bg elementor-bg\" style=\"background-image: url();\" role=\"img\" aria-label=\"\"><\/div>\n\t\t\t\t<div class=\"elementor-cta__bg-overlay\"><\/div>\n\t\t\t<\/div>\n\t\t\t\t\t\t\t<div class=\"elementor-cta__content\">\n\t\t\t\t\n\t\t\t\t\t\t\t\t\t<h4 class=\"elementor-cta__title elementor-cta__content-item elementor-content-item\">\n\t\t\t\t\t\tF\u00f6rs\u00e4ljningsansvarig\t\t\t\t\t<\/h4>\n\t\t\t\t\n\t\t\t\t\t\t\t\t\t<div class=\"elementor-cta__description elementor-cta__content-item elementor-content-item\">\n\t\t\t\t\t\tVi s\u00f6ker en driven och erfaren F\u00f6rs\u00e4ljningsansvarig som kan ta ansvar f\u00f6r att leda f\u00f6rs\u00e4ljningen av v\u00e5ra produkter och bygga upp ett starkt \u00e5terf\u00f6rs\u00e4ljarn\u00e4tverk.\t\t\t\t\t<\/div>\n\t\t\t\t\n\t\t\t\t\t\t\t\t\t<div class=\"elementor-cta__button-wrapper elementor-cta__content-item elementor-content-item\">\n\t\t\t\t\t<span class=\"elementor-cta__button elementor-button elementor-size-\">\n\t\t\t\t\t\tL\u00e4s mer \/ Ans\u00f6k\t\t\t\t\t<\/span>\n\t\t\t\t\t<\/div>\n\t\t\t\t\t\t\t<\/div>\n\t\t\t\t\t\t<\/a>\n\t\t\t\t\t\t<\/div>\n\t\t\t\t<\/div>\n\t\t\t\t\t<\/div>\n\t\t<\/div>\n\t\t\t\t<div class=\"elementor-column elementor-col-33 elementor-inner-column elementor-element elementor-element-2e5d7d7a animated-slow elementor-invisible\" data-id=\"2e5d7d7a\" data-element_type=\"column\" data-e-type=\"column\" data-settings=\"{&quot;animation&quot;:&quot;zoomIn&quot;}\">\n\t\t\t<div class=\"elementor-widget-wrap\">\n\t\t\t\t\t\t\t<\/div>\n\t\t<\/div>\n\t\t\t\t<div class=\"elementor-column elementor-col-33 elementor-inner-column elementor-element elementor-element-51e7841c animated-slow elementor-invisible\" data-id=\"51e7841c\" data-element_type=\"column\" data-e-type=\"column\" data-settings=\"{&quot;animation&quot;:&quot;zoomIn&quot;}\">\n\t\t\t<div class=\"elementor-widget-wrap\">\n\t\t\t\t\t\t\t<\/div>\n\t\t<\/div>\n\t\t\t\t\t<\/div>\n\t\t<\/section>\n\t\t\t\t<section class=\"elementor-section elementor-inner-section elementor-element elementor-element-4426365b elementor-section-boxed elementor-section-height-default elementor-section-height-default elementor-invisible\" data-id=\"4426365b\" data-element_type=\"section\" data-e-type=\"section\" data-settings=\"{&quot;animation&quot;:&quot;slideInUp&quot;}\">\n\t\t\t\t\t\t<div class=\"elementor-container elementor-column-gap-wide\">\n\t\t\t\t\t<div class=\"elementor-column elementor-col-33 elementor-inner-column elementor-element elementor-element-1c1397ff animated-slow elementor-invisible\" data-id=\"1c1397ff\" data-element_type=\"column\" data-e-type=\"column\" data-settings=\"{&quot;animation&quot;:&quot;zoomIn&quot;}\">\n\t\t\t<div class=\"elementor-widget-wrap\">\n\t\t\t\t\t\t\t<\/div>\n\t\t<\/div>\n\t\t\t\t<div class=\"elementor-column elementor-col-33 elementor-inner-column elementor-element elementor-element-12e58811 animated-slow elementor-invisible\" data-id=\"12e58811\" data-element_type=\"column\" data-e-type=\"column\" data-settings=\"{&quot;animation&quot;:&quot;zoomIn&quot;}\">\n\t\t\t<div class=\"elementor-widget-wrap\">\n\t\t\t\t\t\t\t<\/div>\n\t\t<\/div>\n\t\t\t\t<div class=\"elementor-column elementor-col-33 elementor-inner-column elementor-element elementor-element-7f564927 animated-slow elementor-invisible\" data-id=\"7f564927\" data-element_type=\"column\" data-e-type=\"column\" data-settings=\"{&quot;animation&quot;:&quot;zoomIn&quot;}\">\n\t\t\t<div class=\"elementor-widget-wrap\">\n\t\t\t\t\t\t\t<\/div>\n\t\t<\/div>\n\t\t\t\t\t<\/div>\n\t\t<\/section>\n\t\t\t\t\t<\/div>\n\t\t<\/div>\n\t\t\t\t\t<\/div>\n\t\t<\/section>\n\t\t\t\t<\/div>","protected":false},"excerpt":{"rendered":"<p>LEDIGA TJ\u00c4NSTER \u00c4r du den vi s\u00f6ker? Vi st\u00e5r inf\u00f6r nya intressanta m\u00f6jligheter b\u00e5de inom Sverige och internationellt, och d\u00e4rf\u00f6r beh\u00f6ver ut\u00f6ka v\u00e5rt team ytterligare. Ta chansen att hoppa p\u00e5 ett bolag som g\u00e5r en mycket sp\u00e4nnande framtid tillm\u00f6tes! Vi har f\u00f6r n\u00e4rvarande inga tj\u00e4nster lediga. F\u00f6rs\u00e4ljningsansvarig Vi s\u00f6ker en driven och erfaren F\u00f6rs\u00e4ljningsansvarig som [&hellip;]<\/p>","protected":false},"author":5,"featured_media":0,"parent":0,"menu_order":0,"comment_status":"closed","ping_status":"closed","template":"elementor_header_footer","meta":{"_monsterinsights_skip_tracking":false,"_monsterinsights_sitenote_active":false,"_monsterinsights_sitenote_note":"","_monsterinsights_sitenote_category":0,"_uf_show_specific_survey":0,"_uf_disable_surveys":false,"footnotes":""},"class_list":["post-347","page","type-page","status-publish","hentry"],"aioseo_notices":[],"yoast_head":"<!-- This site is optimized with the Yoast SEO plugin v26.0 - https:\/\/yoast.com\/wordpress\/plugins\/seo\/ -->\n<title>Lediga jobb - Meaplus<\/title>\n<meta name=\"robots\" content=\"index, follow, max-snippet:-1, max-image-preview:large, max-video-preview:-1\" \/>\n<link rel=\"canonical\" href=\"https:\/\/www.meaplus.com\/en\/lediga-jobb\/\" \/>\n<meta property=\"og:locale\" content=\"en_GB\" \/>\n<meta property=\"og:type\" content=\"article\" \/>\n<meta property=\"og:title\" content=\"Lediga jobb - Meaplus\" \/>\n<meta property=\"og:description\" content=\"LEDIGA TJ\u00c4NSTER \u00c4r du den vi s\u00f6ker? Vi st\u00e5r inf\u00f6r nya intressanta m\u00f6jligheter b\u00e5de inom Sverige och internationellt, och d\u00e4rf\u00f6r beh\u00f6ver ut\u00f6ka v\u00e5rt team ytterligare. Ta chansen att hoppa p\u00e5 ett bolag som g\u00e5r en mycket sp\u00e4nnande framtid tillm\u00f6tes! Vi har f\u00f6r n\u00e4rvarande inga tj\u00e4nster lediga. F\u00f6rs\u00e4ljningsansvarig Vi s\u00f6ker en driven och erfaren F\u00f6rs\u00e4ljningsansvarig som [&hellip;]\" \/>\n<meta property=\"og:url\" content=\"https:\/\/www.meaplus.com\/en\/lediga-jobb\/\" \/>\n<meta property=\"og:site_name\" content=\"Meaplus\" \/>\n<meta property=\"article:publisher\" content=\"https:\/\/www.facebook.com\/MeaplusSweden\/?epa=SEARCH_BOX\" \/>\n<meta property=\"article:modified_time\" content=\"2024-11-28T15:28:53+00:00\" \/>\n<meta name=\"twitter:card\" content=\"summary_large_image\" \/>\n<meta name=\"twitter:label1\" content=\"Estimated reading time\" \/>\n\t<meta name=\"twitter:data1\" content=\"1 minute\" \/>\n<script type=\"application\/ld+json\" class=\"yoast-schema-graph\">{\"@context\":\"https:\/\/schema.org\",\"@graph\":[{\"@type\":\"WebPage\",\"@id\":\"https:\/\/www.meaplus.com\/lediga-jobb\/\",\"url\":\"https:\/\/www.meaplus.com\/lediga-jobb\/\",\"name\":\"Lediga jobb - Meaplus\",\"isPartOf\":{\"@id\":\"https:\/\/www.meaplus.com\/#website\"},\"datePublished\":\"2020-02-19T09:51:47+00:00\",\"dateModified\":\"2024-11-28T15:28:53+00:00\",\"breadcrumb\":{\"@id\":\"https:\/\/www.meaplus.com\/lediga-jobb\/#breadcrumb\"},\"inLanguage\":\"en-GB\",\"potentialAction\":[{\"@type\":\"ReadAction\",\"target\":[\"https:\/\/www.meaplus.com\/lediga-jobb\/\"]}]},{\"@type\":\"BreadcrumbList\",\"@id\":\"https:\/\/www.meaplus.com\/lediga-jobb\/#breadcrumb\",\"itemListElement\":[{\"@type\":\"ListItem\",\"position\":1,\"name\":\"Home\",\"item\":\"https:\/\/www.meaplus.com\/\"},{\"@type\":\"ListItem\",\"position\":2,\"name\":\"Lediga jobb\"}]},{\"@type\":\"WebSite\",\"@id\":\"https:\/\/www.meaplus.com\/#website\",\"url\":\"https:\/\/www.meaplus.com\/\",\"name\":\"Meaplus\",\"description\":\"\",\"publisher\":{\"@id\":\"https:\/\/www.meaplus.com\/#organization\"},\"potentialAction\":[{\"@type\":\"SearchAction\",\"target\":{\"@type\":\"EntryPoint\",\"urlTemplate\":\"https:\/\/www.meaplus.com\/?s={search_term_string}\"},\"query-input\":{\"@type\":\"PropertyValueSpecification\",\"valueRequired\":true,\"valueName\":\"search_term_string\"}}],\"inLanguage\":\"en-GB\"},{\"@type\":\"Organization\",\"@id\":\"https:\/\/www.meaplus.com\/#organization\",\"name\":\"Meaplus\",\"url\":\"https:\/\/www.meaplus.com\/\",\"logo\":{\"@type\":\"ImageObject\",\"inLanguage\":\"en-GB\",\"@id\":\"https:\/\/www.meaplus.com\/#\/schema\/logo\/image\/\",\"url\":\"https:\/\/www.meaplus.com\/wp-content\/uploads\/2020\/02\/meaplus-logo-small.png\",\"contentUrl\":\"https:\/\/www.meaplus.com\/wp-content\/uploads\/2020\/02\/meaplus-logo-small.png\",\"width\":153,\"height\":53,\"caption\":\"Meaplus\"},\"image\":{\"@id\":\"https:\/\/www.meaplus.com\/#\/schema\/logo\/image\/\"},\"sameAs\":[\"https:\/\/www.facebook.com\/MeaplusSweden\/?epa=SEARCH_BOX\",\"https:\/\/www.linkedin.com\/company\/18883230\/admin\/\"]}]}<\/script>\n<!-- \/ Yoast SEO plugin. -->","yoast_head_json":{"title":"Lediga jobb - Meaplus","robots":{"index":"index","follow":"follow","max-snippet":"max-snippet:-1","max-image-preview":"max-image-preview:large","max-video-preview":"max-video-preview:-1"},"canonical":"https:\/\/www.meaplus.com\/en\/lediga-jobb\/","og_locale":"en_GB","og_type":"article","og_title":"Lediga jobb - Meaplus","og_description":"LEDIGA TJ\u00c4NSTER \u00c4r du den vi s\u00f6ker? Vi st\u00e5r inf\u00f6r nya intressanta m\u00f6jligheter b\u00e5de inom Sverige och internationellt, och d\u00e4rf\u00f6r beh\u00f6ver ut\u00f6ka v\u00e5rt team ytterligare. Ta chansen att hoppa p\u00e5 ett bolag som g\u00e5r en mycket sp\u00e4nnande framtid tillm\u00f6tes! Vi har f\u00f6r n\u00e4rvarande inga tj\u00e4nster lediga. F\u00f6rs\u00e4ljningsansvarig Vi s\u00f6ker en driven och erfaren F\u00f6rs\u00e4ljningsansvarig som [&hellip;]","og_url":"https:\/\/www.meaplus.com\/en\/lediga-jobb\/","og_site_name":"Meaplus","article_publisher":"https:\/\/www.facebook.com\/MeaplusSweden\/?epa=SEARCH_BOX","article_modified_time":"2024-11-28T15:28:53+00:00","twitter_card":"summary_large_image","twitter_misc":{"Estimated reading time":"1 minute"},"schema":{"@context":"https:\/\/schema.org","@graph":[{"@type":"WebPage","@id":"https:\/\/www.meaplus.com\/lediga-jobb\/","url":"https:\/\/www.meaplus.com\/lediga-jobb\/","name":"Lediga jobb - Meaplus","isPartOf":{"@id":"https:\/\/www.meaplus.com\/#website"},"datePublished":"2020-02-19T09:51:47+00:00","dateModified":"2024-11-28T15:28:53+00:00","breadcrumb":{"@id":"https:\/\/www.meaplus.com\/lediga-jobb\/#breadcrumb"},"inLanguage":"en-GB","potentialAction":[{"@type":"ReadAction","target":["https:\/\/www.meaplus.com\/lediga-jobb\/"]}]},{"@type":"BreadcrumbList","@id":"https:\/\/www.meaplus.com\/lediga-jobb\/#breadcrumb","itemListElement":[{"@type":"ListItem","position":1,"name":"Home","item":"https:\/\/www.meaplus.com\/"},{"@type":"ListItem","position":2,"name":"Lediga jobb"}]},{"@type":"WebSite","@id":"https:\/\/www.meaplus.com\/#website","url":"https:\/\/www.meaplus.com\/","name":"Meaplus","description":"","publisher":{"@id":"https:\/\/www.meaplus.com\/#organization"},"potentialAction":[{"@type":"SearchAction","target":{"@type":"EntryPoint","urlTemplate":"https:\/\/www.meaplus.com\/?s={search_term_string}"},"query-input":{"@type":"PropertyValueSpecification","valueRequired":true,"valueName":"search_term_string"}}],"inLanguage":"en-GB"},{"@type":"Organization","@id":"https:\/\/www.meaplus.com\/#organization","name":"Meaplus","url":"https:\/\/www.meaplus.com\/","logo":{"@type":"ImageObject","inLanguage":"en-GB","@id":"https:\/\/www.meaplus.com\/#\/schema\/logo\/image\/","url":"https:\/\/www.meaplus.com\/wp-content\/uploads\/2020\/02\/meaplus-logo-small.png","contentUrl":"https:\/\/www.meaplus.com\/wp-content\/uploads\/2020\/02\/meaplus-logo-small.png","width":153,"height":53,"caption":"Meaplus"},"image":{"@id":"https:\/\/www.meaplus.com\/#\/schema\/logo\/image\/"},"sameAs":["https:\/\/www.facebook.com\/MeaplusSweden\/?epa=SEARCH_BOX","https:\/\/www.linkedin.com\/company\/18883230\/admin\/"]}]}},"_links":{"self":[{"href":"https:\/\/www.meaplus.com\/en\/wp-json\/wp\/v2\/pages\/347","targetHints":{"allow":["GET"]}}],"collection":[{"href":"https:\/\/www.meaplus.com\/en\/wp-json\/wp\/v2\/pages"}],"about":[{"href":"https:\/\/www.meaplus.com\/en\/wp-json\/wp\/v2\/types\/page"}],"author":[{"embeddable":true,"href":"https:\/\/www.meaplus.com\/en\/wp-json\/wp\/v2\/users\/5"}],"replies":[{"embeddable":true,"href":"https:\/\/www.meaplus.com\/en\/wp-json\/wp\/v2\/comments?post=347"}],"version-history":[{"count":131,"href":"https:\/\/www.meaplus.com\/en\/wp-json\/wp\/v2\/pages\/347\/revisions"}],"predecessor-version":[{"id":8387,"href":"https:\/\/www.meaplus.com\/en\/wp-json\/wp\/v2\/pages\/347\/revisions\/8387"}],"wp:attachment":[{"href":"https:\/\/www.meaplus.com\/en\/wp-json\/wp\/v2\/media?parent=347"}],"curies":[{"name":"wp","href":"https:\/\/api.w.org\/{rel}","templated":true}]}}