{"id":6005,"date":"2022-11-03T14:08:48","date_gmt":"2022-11-03T14:08:48","guid":{"rendered":"https:\/\/www.meaplus.com\/?page_id=6005"},"modified":"2025-03-04T18:39:15","modified_gmt":"2025-03-04T18:39:15","slug":"sdk-konsulting","status":"publish","type":"page","link":"https:\/\/www.meaplus.com\/en\/sdk-konsulting\/","title":{"rendered":"SDK Consulting"},"content":{"rendered":"<div data-elementor-type=\"wp-page\" data-elementor-id=\"6005\" class=\"elementor elementor-6005\" data-elementor-post-type=\"page\">\n\t\t\t\t<div class=\"elementor-element elementor-element-4dee8fb8 e-flex e-con-boxed e-con e-parent\" data-id=\"4dee8fb8\" data-element_type=\"container\" data-e-type=\"container\" data-settings=\"{&quot;background_background&quot;:&quot;gradient&quot;}\">\n\t\t\t\t\t<div class=\"e-con-inner\">\n\t\t<div class=\"elementor-element elementor-element-88ade2a e-con-full e-flex e-con e-child\" data-id=\"88ade2a\" data-element_type=\"container\" data-e-type=\"container\">\n\t\t<div class=\"elementor-element elementor-element-3580f54c e-con-full e-flex e-con e-child\" data-id=\"3580f54c\" data-element_type=\"container\" data-e-type=\"container\">\n\t\t\t\t<div class=\"elementor-element elementor-element-56224268 elementor-widget__width-auto elementor-widget elementor-widget-heading\" data-id=\"56224268\" data-element_type=\"widget\" data-e-type=\"widget\" data-widget_type=\"heading.default\">\n\t\t\t\t<div class=\"elementor-widget-container\">\n\t\t\t\t\t<p class=\"elementor-heading-title elementor-size-default\">SDK CONSULTING<\/p>\t\t\t\t<\/div>\n\t\t\t\t<\/div>\n\t\t\t\t<\/div>\n\t\t\t\t<div class=\"elementor-element elementor-element-369b72bc elementor-widget__width-initial elementor-widget-tablet__width-inherit elementor-widget elementor-widget-heading\" data-id=\"369b72bc\" data-element_type=\"widget\" data-e-type=\"widget\" data-widget_type=\"heading.default\">\n\t\t\t\t<div class=\"elementor-widget-container\">\n\t\t\t\t\t<h2 class=\"elementor-heading-title elementor-size-default\">Do you need help getting started with the SDK?<\/h2>\t\t\t\t<\/div>\n\t\t\t\t<\/div>\n\t\t\t\t<div class=\"elementor-element elementor-element-21bf9495 elementor-widget__width-initial elementor-widget-tablet__width-inherit elementor-widget elementor-widget-text-editor\" data-id=\"21bf9495\" data-element_type=\"widget\" data-e-type=\"widget\" data-widget_type=\"text-editor.default\">\n\t\t\t\t<div class=\"elementor-widget-container\">\n\t\t\t\t\t\t\t\t\t<p data-start=\"293\" data-end=\"478\">Meaplus, through our solution SEFOS, offers expertise and services to facilitate the secure and consistent transfer of sensitive information.<\/p><div class=\"relative inline-flex items-center\"><p data-start=\"366\" data-end=\"577\"><strong>As an approved access point operator<\/strong> we deliver SDK access points and associated components to test and deploy an SDK environment, either on-premises or as a SaaS service.<\/p><p data-start=\"579\" data-end=\"712\">The SDK is integrated into SEFOS, giving senders more opportunities to securely reach multiple recipients.<\/p><p data-start=\"579\" data-end=\"712\"><i>Get more information about SEFOS and SDK here:\u00a0<a href=\"https:\/\/www.meaplus.com\/en\/sdk\/\" target=\"_blank\" rel=\"noopener\">https:\/\/www.meaplus.com\/en\/sdk\/<\/a><\/i><\/p><\/div>\t\t\t\t\t\t\t\t<\/div>\n\t\t\t\t<\/div>\n\t\t\t\t<\/div>\n\t\t\t\t\t<\/div>\n\t\t\t\t<\/div>\n\t\t\t\t<section class=\"elementor-section elementor-top-section elementor-element elementor-element-257b80c7 elementor-section-height-min-height elementor-section-boxed elementor-section-height-default elementor-section-items-middle\" data-id=\"257b80c7\" data-element_type=\"section\" data-e-type=\"section\" data-settings=\"{&quot;background_background&quot;:&quot;classic&quot;}\">\n\t\t\t\t\t\t<div class=\"elementor-container elementor-column-gap-default\">\n\t\t\t\t\t<div class=\"elementor-column elementor-col-50 elementor-top-column elementor-element elementor-element-3e3456b\" data-id=\"3e3456b\" data-element_type=\"column\" data-e-type=\"column\">\n\t\t\t<div class=\"elementor-widget-wrap elementor-element-populated\">\n\t\t\t\t\t\t<div class=\"elementor-element elementor-element-2cedda10 elementor-widget__width-auto elementor-widget elementor-widget-heading\" data-id=\"2cedda10\" data-element_type=\"widget\" data-e-type=\"widget\" data-widget_type=\"heading.default\">\n\t\t\t\t<div class=\"elementor-widget-container\">\n\t\t\t\t\t<p class=\"elementor-heading-title elementor-size-default\">CONTACT US<\/p>\t\t\t\t<\/div>\n\t\t\t\t<\/div>\n\t\t\t\t<div class=\"elementor-element elementor-element-cc0fae8 elementor-widget elementor-widget-heading\" data-id=\"cc0fae8\" data-element_type=\"widget\" data-e-type=\"widget\" data-widget_type=\"heading.default\">\n\t\t\t\t<div class=\"elementor-widget-container\">\n\t\t\t\t\t<h3 class=\"elementor-heading-title elementor-size-default\">Do you want to get started with SDK?<\/h3>\t\t\t\t<\/div>\n\t\t\t\t<\/div>\n\t\t\t\t<div class=\"elementor-element elementor-element-7bb6f1f elementor-widget elementor-widget-text-editor\" data-id=\"7bb6f1f\" data-element_type=\"widget\" data-e-type=\"widget\" data-widget_type=\"text-editor.default\">\n\t\t\t\t<div class=\"elementor-widget-container\">\n\t\t\t\t\t\t\t\t\t<p>Fill in your contact details and we will contact you shortly!<\/p>\t\t\t\t\t\t\t\t<\/div>\n\t\t\t\t<\/div>\n\t\t\t\t\t<\/div>\n\t\t<\/div>\n\t\t\t\t<div class=\"elementor-column elementor-col-50 elementor-top-column elementor-element elementor-element-58ada0f1\" data-id=\"58ada0f1\" data-element_type=\"column\" data-e-type=\"column\">\n\t\t\t<div class=\"elementor-widget-wrap elementor-element-populated\">\n\t\t\t\t\t\t<div class=\"elementor-element elementor-element-14cf6438 elementor-button-align-stretch elementor-widget elementor-widget-form\" data-id=\"14cf6438\" data-element_type=\"widget\" data-e-type=\"widget\" data-settings=\"{&quot;step_next_label&quot;:&quot;Next&quot;,&quot;step_previous_label&quot;:&quot;Previous&quot;,&quot;button_width&quot;:&quot;100&quot;,&quot;step_type&quot;:&quot;number_text&quot;,&quot;step_icon_shape&quot;:&quot;circle&quot;}\" data-widget_type=\"form.default\">\n\t\t\t\t<div class=\"elementor-widget-container\">\n\t\t\t\t\t\t\t<form class=\"elementor-form\" method=\"post\" name=\"New Form\" aria-label=\"New Form\" action=\"\">\n\t\t\t<input type=\"hidden\" name=\"post_id\" value=\"6005\"\/>\n\t\t\t<input type=\"hidden\" name=\"form_id\" value=\"14cf6438\"\/>\n\t\t\t<input type=\"hidden\" name=\"referer_title\" value=\"SDK Konsulting - Meaplus\" \/>\n\n\t\t\t\t\t\t\t<input type=\"hidden\" name=\"queried_id\" value=\"6005\"\/>\n\t\t\t\n\t\t\t<div class=\"elementor-form-fields-wrapper elementor-labels-\">\n\t\t\t\t\t\t\t\t<div class=\"elementor-field-type-text elementor-field-group elementor-column elementor-field-group-name elementor-col-100\">\n\t\t\t\t\t\t\t\t\t\t\t\t<label for=\"form-field-name\" class=\"elementor-field-label elementor-screen-only\">\n\t\t\t\t\t\t\t\tName\t\t\t\t\t\t\t<\/label>\n\t\t\t\t\t\t\t\t\t\t\t\t\t\t<input size=\"1\" type=\"text\" name=\"form_fields[name]\" id=\"form-field-name\" class=\"elementor-field elementor-size-sm  elementor-field-textual\" placeholder=\"Name\">\n\t\t\t\t\t\t\t\t\t\t\t<\/div>\n\t\t\t\t\t\t\t\t<div class=\"elementor-field-type-email elementor-field-group elementor-column elementor-field-group-email elementor-col-60 elementor-field-required\">\n\t\t\t\t\t\t\t\t\t\t\t\t<label for=\"form-field-email\" class=\"elementor-field-label elementor-screen-only\">\n\t\t\t\t\t\t\t\tE-mail\t\t\t\t\t\t\t<\/label>\n\t\t\t\t\t\t\t\t\t\t\t\t\t\t<input size=\"1\" type=\"email\" name=\"form_fields[email]\" id=\"form-field-email\" class=\"elementor-field elementor-size-sm  elementor-field-textual\" placeholder=\"E-mail\" required=\"required\">\n\t\t\t\t\t\t\t\t\t\t\t<\/div>\n\t\t\t\t\t\t\t\t<div class=\"elementor-field-type-tel elementor-field-group elementor-column elementor-field-group-field_980c9b3 elementor-col-40 elementor-field-required\">\n\t\t\t\t\t\t\t\t\t\t\t\t<label for=\"form-field-field_980c9b3\" class=\"elementor-field-label elementor-screen-only\">\n\t\t\t\t\t\t\t\tPhone\t\t\t\t\t\t\t<\/label>\n\t\t\t\t\t\t\t\t<input size=\"1\" type=\"tel\" name=\"form_fields[field_980c9b3]\" id=\"form-field-field_980c9b3\" class=\"elementor-field elementor-size-sm  elementor-field-textual\" placeholder=\"Phone\" required=\"required\" pattern=\"[0-9()#&amp;+*-=.]+\" title=\"Only numbers and phone characters (#, -, *, etc) are accepted.\" data-no-translation-title=\"\">\n\n\t\t\t\t\t\t<\/div>\n\t\t\t\t\t\t\t\t<div class=\"elementor-field-type-text elementor-field-group elementor-column elementor-field-group-field_2beacbd elementor-col-100\">\n\t\t\t\t\t\t\t\t\t\t\t\t<label for=\"form-field-field_2beacbd\" class=\"elementor-field-label elementor-screen-only\">\n\t\t\t\t\t\t\t\tType of service\t\t\t\t\t\t\t<\/label>\n\t\t\t\t\t\t\t\t\t\t\t\t\t\t<input size=\"1\" type=\"text\" name=\"form_fields[field_2beacbd]\" id=\"form-field-field_2beacbd\" class=\"elementor-field elementor-size-sm  elementor-field-textual\" placeholder=\"Type of service\">\n\t\t\t\t\t\t\t\t\t\t\t<\/div>\n\t\t\t\t\t\t\t\t<div class=\"elementor-field-type-textarea elementor-field-group elementor-column elementor-field-group-message elementor-col-100\">\n\t\t\t\t\t\t\t\t\t\t\t\t<label for=\"form-field-message\" class=\"elementor-field-label elementor-screen-only\">\n\t\t\t\t\t\t\t\tDescription\t\t\t\t\t\t\t<\/label>\n\t\t\t\t\t\t<textarea class=\"elementor-field-textual elementor-field  elementor-size-sm\" name=\"form_fields[message]\" id=\"form-field-message\" rows=\"4\" placeholder=\"Description\"><\/textarea>\t\t\t\t<\/div>\n\t\t\t\t\t\t\t\t<div class=\"elementor-field-type-recaptcha elementor-field-group elementor-column elementor-field-group-field_bf70a41 elementor-col-100\">\n\t\t\t\t\t<div class=\"elementor-field\" id=\"form-field-field_bf70a41\"><div class=\"elementor-g-recaptcha\" data-sitekey=\"6LeJyc4ZAAAAAPfHLkA3aO7byX7q5GjMeWJO0bDt\" data-type=\"v2_checkbox\" data-theme=\"light\" data-size=\"normal\"><\/div><\/div>\t\t\t\t<\/div>\n\t\t\t\t\t\t\t\t<div class=\"elementor-field-group elementor-column elementor-field-type-submit elementor-col-100 e-form__buttons\">\n\t\t\t\t\t<button class=\"elementor-button elementor-size-sm\" type=\"submit\">\n\t\t\t\t\t\t<span class=\"elementor-button-content-wrapper\">\n\t\t\t\t\t\t\t\t\t\t\t\t\t\t\t\t\t\t\t\t\t\t<span class=\"elementor-button-text\">Send<\/span>\n\t\t\t\t\t\t\t\t\t\t\t\t\t<\/span>\n\t\t\t\t\t<\/button>\n\t\t\t\t<\/div>\n\t\t\t<\/div>\n\t\t<input type=\"hidden\" name=\"trp-form-language\" value=\"en\"\/><\/form>\n\t\t\t\t\t\t<\/div>\n\t\t\t\t<\/div>\n\t\t\t\t\t<\/div>\n\t\t<\/div>\n\t\t\t\t\t<\/div>\n\t\t<\/section>\n\t\t\t\t<section class=\"elementor-section elementor-top-section elementor-element elementor-element-534ae87d elementor-section-content-middle elementor-section-height-min-height elementor-section-boxed elementor-section-height-default elementor-section-items-middle\" data-id=\"534ae87d\" data-element_type=\"section\" data-e-type=\"section\" data-settings=\"{&quot;background_background&quot;:&quot;classic&quot;}\">\n\t\t\t\t\t\t<div class=\"elementor-container elementor-column-gap-no\">\n\t\t\t\t\t<div class=\"elementor-column elementor-col-50 elementor-top-column elementor-element elementor-element-30843a14\" data-id=\"30843a14\" data-element_type=\"column\" data-e-type=\"column\">\n\t\t\t<div class=\"elementor-widget-wrap elementor-element-populated\">\n\t\t\t\t\t\t<div class=\"elementor-element elementor-element-4521401b elementor-widget elementor-widget-heading\" data-id=\"4521401b\" data-element_type=\"widget\" data-e-type=\"widget\" data-widget_type=\"heading.default\">\n\t\t\t\t<div class=\"elementor-widget-container\">\n\t\t\t\t\t<h3 class=\"elementor-heading-title elementor-size-default\">We will help you<\/h3>\t\t\t\t<\/div>\n\t\t\t\t<\/div>\n\t\t\t\t<div class=\"elementor-element elementor-element-45c92c75 elementor-widget elementor-widget-heading\" data-id=\"45c92c75\" data-element_type=\"widget\" data-e-type=\"widget\" data-widget_type=\"heading.default\">\n\t\t\t\t<div class=\"elementor-widget-container\">\n\t\t\t\t\t<h4 class=\"elementor-heading-title elementor-size-default\">Regardless of whether you need an application that can help digitize various processes within your business, consultants for specific assignments or if you just want to renew your website with a new look, <b>we at Meaplus can help you!<\/b>\u00a0<\/h4>\t\t\t\t<\/div>\n\t\t\t\t<\/div>\n\t\t\t\t<div class=\"elementor-element elementor-element-75c8f936 elementor-align-left elementor-tablet-align-center elementor-mobile-align-justify elementor-widget elementor-widget-button\" data-id=\"75c8f936\" data-element_type=\"widget\" data-e-type=\"widget\" data-widget_type=\"button.default\">\n\t\t\t\t<div class=\"elementor-widget-container\">\n\t\t\t\t\t\t\t\t\t<div class=\"elementor-button-wrapper\">\n\t\t\t\t\t<a class=\"elementor-button elementor-button-link elementor-size-sm\" href=\"#\">\n\t\t\t\t\t\t<span class=\"elementor-button-content-wrapper\">\n\t\t\t\t\t\t\t\t\t<span class=\"elementor-button-text\">See all services<\/span>\n\t\t\t\t\t<\/span>\n\t\t\t\t\t<\/a>\n\t\t\t\t<\/div>\n\t\t\t\t\t\t\t\t<\/div>\n\t\t\t\t<\/div>\n\t\t\t\t\t<\/div>\n\t\t<\/div>\n\t\t\t\t<div class=\"elementor-column elementor-col-50 elementor-top-column elementor-element elementor-element-523d6a6\" data-id=\"523d6a6\" data-element_type=\"column\" data-e-type=\"column\">\n\t\t\t<div class=\"elementor-widget-wrap\">\n\t\t\t\t\t\t\t<\/div>\n\t\t<\/div>\n\t\t\t\t\t<\/div>\n\t\t<\/section>\n\t\t\t\t<\/div>","protected":false},"excerpt":{"rendered":"<p>SDK KONSULTING \u00c4r ni i behov av hj\u00e4lp med att komma ig\u00e5ng med SDK? Meaplus, genom v\u00e5r l\u00f6sning SEFOS, erbjuder expertis och tj\u00e4nster f\u00f6r att underl\u00e4tta s\u00e4ker och enhetlig \u00f6verf\u00f6ring av k\u00e4nslig information. Som godk\u00e4nd accesspunktsoperat\u00f6r levererar vi SDK-accesspunkter och tillh\u00f6rande komponenter f\u00f6r att testa och drifts\u00e4tta en SDK-milj\u00f6, antingen lokalt eller som SaaS-tj\u00e4nst. SDK [&hellip;]<\/p>","protected":false},"author":5,"featured_media":0,"parent":0,"menu_order":0,"comment_status":"closed","ping_status":"closed","template":"elementor_header_footer","meta":{"_monsterinsights_skip_tracking":false,"_monsterinsights_sitenote_active":false,"_monsterinsights_sitenote_note":"","_monsterinsights_sitenote_category":0,"_uf_show_specific_survey":0,"_uf_disable_surveys":false,"footnotes":""},"class_list":["post-6005","page","type-page","status-publish","hentry"],"aioseo_notices":[],"yoast_head":"<!-- This site is optimized with the Yoast SEO plugin v26.0 - https:\/\/yoast.com\/wordpress\/plugins\/seo\/ -->\n<title>SDK Konsulting - Meaplus<\/title>\n<meta name=\"description\" content=\"Vi ligger i framkant kunskapsm\u00e4ssigt n\u00e4r det kommer till SDK. Vi erh\u00e5ller kompetens p\u00e5 alla delar av SDK. Kontakta oss f\u00f6r hj\u00e4lp med SDK!\" \/>\n<meta name=\"robots\" content=\"index, follow, max-snippet:-1, max-image-preview:large, max-video-preview:-1\" \/>\n<link rel=\"canonical\" href=\"https:\/\/www.meaplus.com\/en\/sdk-konsulting\/\" \/>\n<meta property=\"og:locale\" content=\"en_GB\" \/>\n<meta property=\"og:type\" content=\"article\" \/>\n<meta property=\"og:title\" content=\"SDK Konsulting - Meaplus\" \/>\n<meta property=\"og:description\" content=\"Vi ligger i framkant kunskapsm\u00e4ssigt n\u00e4r det kommer till SDK. Vi erh\u00e5ller kompetens p\u00e5 alla delar av SDK. Kontakta oss f\u00f6r hj\u00e4lp med SDK!\" \/>\n<meta property=\"og:url\" content=\"https:\/\/www.meaplus.com\/en\/sdk-konsulting\/\" \/>\n<meta property=\"og:site_name\" content=\"Meaplus\" \/>\n<meta property=\"article:publisher\" content=\"https:\/\/www.facebook.com\/MeaplusSweden\/?epa=SEARCH_BOX\" \/>\n<meta property=\"article:modified_time\" content=\"2025-03-04T18:39:15+00:00\" \/>\n<meta name=\"twitter:card\" content=\"summary_large_image\" \/>\n<meta name=\"twitter:label1\" content=\"Estimated reading time\" \/>\n\t<meta name=\"twitter:data1\" content=\"1 minute\" \/>\n<script type=\"application\/ld+json\" class=\"yoast-schema-graph\">{\"@context\":\"https:\/\/schema.org\",\"@graph\":[{\"@type\":\"WebPage\",\"@id\":\"https:\/\/www.meaplus.com\/sdk-konsulting\/\",\"url\":\"https:\/\/www.meaplus.com\/sdk-konsulting\/\",\"name\":\"SDK Konsulting - Meaplus\",\"isPartOf\":{\"@id\":\"https:\/\/www.meaplus.com\/#website\"},\"datePublished\":\"2022-11-03T14:08:48+00:00\",\"dateModified\":\"2025-03-04T18:39:15+00:00\",\"description\":\"Vi ligger i framkant kunskapsm\u00e4ssigt n\u00e4r det kommer till SDK. Vi erh\u00e5ller kompetens p\u00e5 alla delar av SDK. Kontakta oss f\u00f6r hj\u00e4lp med SDK!\",\"breadcrumb\":{\"@id\":\"https:\/\/www.meaplus.com\/sdk-konsulting\/#breadcrumb\"},\"inLanguage\":\"en-GB\",\"potentialAction\":[{\"@type\":\"ReadAction\",\"target\":[\"https:\/\/www.meaplus.com\/sdk-konsulting\/\"]}]},{\"@type\":\"BreadcrumbList\",\"@id\":\"https:\/\/www.meaplus.com\/sdk-konsulting\/#breadcrumb\",\"itemListElement\":[{\"@type\":\"ListItem\",\"position\":1,\"name\":\"Home\",\"item\":\"https:\/\/www.meaplus.com\/\"},{\"@type\":\"ListItem\",\"position\":2,\"name\":\"SDK Konsulting\"}]},{\"@type\":\"WebSite\",\"@id\":\"https:\/\/www.meaplus.com\/#website\",\"url\":\"https:\/\/www.meaplus.com\/\",\"name\":\"Meaplus\",\"description\":\"\",\"publisher\":{\"@id\":\"https:\/\/www.meaplus.com\/#organization\"},\"potentialAction\":[{\"@type\":\"SearchAction\",\"target\":{\"@type\":\"EntryPoint\",\"urlTemplate\":\"https:\/\/www.meaplus.com\/?s={search_term_string}\"},\"query-input\":{\"@type\":\"PropertyValueSpecification\",\"valueRequired\":true,\"valueName\":\"search_term_string\"}}],\"inLanguage\":\"en-GB\"},{\"@type\":\"Organization\",\"@id\":\"https:\/\/www.meaplus.com\/#organization\",\"name\":\"Meaplus\",\"url\":\"https:\/\/www.meaplus.com\/\",\"logo\":{\"@type\":\"ImageObject\",\"inLanguage\":\"en-GB\",\"@id\":\"https:\/\/www.meaplus.com\/#\/schema\/logo\/image\/\",\"url\":\"https:\/\/www.meaplus.com\/wp-content\/uploads\/2020\/02\/meaplus-logo-small.png\",\"contentUrl\":\"https:\/\/www.meaplus.com\/wp-content\/uploads\/2020\/02\/meaplus-logo-small.png\",\"width\":153,\"height\":53,\"caption\":\"Meaplus\"},\"image\":{\"@id\":\"https:\/\/www.meaplus.com\/#\/schema\/logo\/image\/\"},\"sameAs\":[\"https:\/\/www.facebook.com\/MeaplusSweden\/?epa=SEARCH_BOX\",\"https:\/\/www.linkedin.com\/company\/18883230\/admin\/\"]}]}<\/script>\n<!-- \/ Yoast SEO plugin. -->","yoast_head_json":{"title":"SDK Konsulting - Meaplus","description":"Vi ligger i framkant kunskapsm\u00e4ssigt n\u00e4r det kommer till SDK. Vi erh\u00e5ller kompetens p\u00e5 alla delar av SDK. Kontakta oss f\u00f6r hj\u00e4lp med SDK!","robots":{"index":"index","follow":"follow","max-snippet":"max-snippet:-1","max-image-preview":"max-image-preview:large","max-video-preview":"max-video-preview:-1"},"canonical":"https:\/\/www.meaplus.com\/en\/sdk-konsulting\/","og_locale":"en_GB","og_type":"article","og_title":"SDK Konsulting - Meaplus","og_description":"Vi ligger i framkant kunskapsm\u00e4ssigt n\u00e4r det kommer till SDK. Vi erh\u00e5ller kompetens p\u00e5 alla delar av SDK. Kontakta oss f\u00f6r hj\u00e4lp med SDK!","og_url":"https:\/\/www.meaplus.com\/en\/sdk-konsulting\/","og_site_name":"Meaplus","article_publisher":"https:\/\/www.facebook.com\/MeaplusSweden\/?epa=SEARCH_BOX","article_modified_time":"2025-03-04T18:39:15+00:00","twitter_card":"summary_large_image","twitter_misc":{"Estimated reading time":"1 minute"},"schema":{"@context":"https:\/\/schema.org","@graph":[{"@type":"WebPage","@id":"https:\/\/www.meaplus.com\/sdk-konsulting\/","url":"https:\/\/www.meaplus.com\/sdk-konsulting\/","name":"SDK Konsulting - Meaplus","isPartOf":{"@id":"https:\/\/www.meaplus.com\/#website"},"datePublished":"2022-11-03T14:08:48+00:00","dateModified":"2025-03-04T18:39:15+00:00","description":"Vi ligger i framkant kunskapsm\u00e4ssigt n\u00e4r det kommer till SDK. Vi erh\u00e5ller kompetens p\u00e5 alla delar av SDK. Kontakta oss f\u00f6r hj\u00e4lp med SDK!","breadcrumb":{"@id":"https:\/\/www.meaplus.com\/sdk-konsulting\/#breadcrumb"},"inLanguage":"en-GB","potentialAction":[{"@type":"ReadAction","target":["https:\/\/www.meaplus.com\/sdk-konsulting\/"]}]},{"@type":"BreadcrumbList","@id":"https:\/\/www.meaplus.com\/sdk-konsulting\/#breadcrumb","itemListElement":[{"@type":"ListItem","position":1,"name":"Home","item":"https:\/\/www.meaplus.com\/"},{"@type":"ListItem","position":2,"name":"SDK Konsulting"}]},{"@type":"WebSite","@id":"https:\/\/www.meaplus.com\/#website","url":"https:\/\/www.meaplus.com\/","name":"Meaplus","description":"","publisher":{"@id":"https:\/\/www.meaplus.com\/#organization"},"potentialAction":[{"@type":"SearchAction","target":{"@type":"EntryPoint","urlTemplate":"https:\/\/www.meaplus.com\/?s={search_term_string}"},"query-input":{"@type":"PropertyValueSpecification","valueRequired":true,"valueName":"search_term_string"}}],"inLanguage":"en-GB"},{"@type":"Organization","@id":"https:\/\/www.meaplus.com\/#organization","name":"Meaplus","url":"https:\/\/www.meaplus.com\/","logo":{"@type":"ImageObject","inLanguage":"en-GB","@id":"https:\/\/www.meaplus.com\/#\/schema\/logo\/image\/","url":"https:\/\/www.meaplus.com\/wp-content\/uploads\/2020\/02\/meaplus-logo-small.png","contentUrl":"https:\/\/www.meaplus.com\/wp-content\/uploads\/2020\/02\/meaplus-logo-small.png","width":153,"height":53,"caption":"Meaplus"},"image":{"@id":"https:\/\/www.meaplus.com\/#\/schema\/logo\/image\/"},"sameAs":["https:\/\/www.facebook.com\/MeaplusSweden\/?epa=SEARCH_BOX","https:\/\/www.linkedin.com\/company\/18883230\/admin\/"]}]}},"_links":{"self":[{"href":"https:\/\/www.meaplus.com\/en\/wp-json\/wp\/v2\/pages\/6005","targetHints":{"allow":["GET"]}}],"collection":[{"href":"https:\/\/www.meaplus.com\/en\/wp-json\/wp\/v2\/pages"}],"about":[{"href":"https:\/\/www.meaplus.com\/en\/wp-json\/wp\/v2\/types\/page"}],"author":[{"embeddable":true,"href":"https:\/\/www.meaplus.com\/en\/wp-json\/wp\/v2\/users\/5"}],"replies":[{"embeddable":true,"href":"https:\/\/www.meaplus.com\/en\/wp-json\/wp\/v2\/comments?post=6005"}],"version-history":[{"count":22,"href":"https:\/\/www.meaplus.com\/en\/wp-json\/wp\/v2\/pages\/6005\/revisions"}],"predecessor-version":[{"id":8707,"href":"https:\/\/www.meaplus.com\/en\/wp-json\/wp\/v2\/pages\/6005\/revisions\/8707"}],"wp:attachment":[{"href":"https:\/\/www.meaplus.com\/en\/wp-json\/wp\/v2\/media?parent=6005"}],"curies":[{"name":"wp","href":"https:\/\/api.w.org\/{rel}","templated":true}]}}